{"id":1018,"date":"2026-03-31T13:35:54","date_gmt":"2026-03-31T11:35:54","guid":{"rendered":"https:\/\/mrugowski.pl\/?page_id=1018"},"modified":"2026-03-31T14:05:03","modified_gmt":"2026-03-31T12:05:03","slug":"ksiegarnia-artlife","status":"publish","type":"page","link":"https:\/\/mrugowski.pl\/?page_id=1018","title":{"rendered":"KSI\u0118GARNIA ART&#038;LIFE"},"content":{"rendered":"\n<div style=\"height:60px\" aria-hidden=\"true\" class=\"wp-block-spacer\"><\/div>\n\n\n\n<div class=\"wp-block-group services-box is-layout-constrained wp-container-core-group-is-layout-4f9f0532 wp-block-group-is-layout-constrained\">\n<div class=\"wp-block-group service-group is-layout-constrained wp-container-core-group-is-layout-090b7644 wp-block-group-is-layout-constrained\">\n<h2 class=\"wp-block-heading\" style=\"font-size:30px\">KUPUJ BEZPO\u015aREDNIO U NAS<\/h2>\n\n\n\n<div class=\"wp-block-columns product-section is-layout-flex wp-container-core-columns-is-layout-e1fea541 wp-block-columns-is-layout-flex\" style=\"margin-top:var(--wp--preset--spacing--50)\">\n<div class=\"wp-block-column is-vertically-aligned-top recipe-single-product wow bounceInUp center is-layout-flow wp-container-core-column-is-layout-053e94e8 wp-block-column-is-layout-flow\" style=\"padding-right:0;padding-left:0\">\n<figure class=\"wp-block-image size-full has-custom-border\"><a href=\"http:\/\/twoje1440\"><img loading=\"lazy\" decoding=\"async\" width=\"1728\" height=\"1776\" src=\"https:\/\/mrugowski.pl\/wp-content\/uploads\/2026\/03\/image-18.png\" alt=\"\" class=\"wp-image-995\" style=\"border-radius:0px;object-fit:cover\" srcset=\"https:\/\/mrugowski.pl\/wp-content\/uploads\/2026\/03\/image-18.png 1728w, https:\/\/mrugowski.pl\/wp-content\/uploads\/2026\/03\/image-18-292x300.png 292w, https:\/\/mrugowski.pl\/wp-content\/uploads\/2026\/03\/image-18-996x1024.png 996w, https:\/\/mrugowski.pl\/wp-content\/uploads\/2026\/03\/image-18-768x789.png 768w, https:\/\/mrugowski.pl\/wp-content\/uploads\/2026\/03\/image-18-1494x1536.png 1494w\" sizes=\"auto, (max-width: 1728px) 100vw, 1728px\" \/><\/a><\/figure>\n\n\n\n<div class=\"wp-block-columns product-content-col2 is-layout-flex wp-container-core-columns-is-layout-28f84493 wp-block-columns-is-layout-flex\">\n<div class=\"wp-block-column is-layout-flow wp-block-column-is-layout-flow\"><\/div>\n<\/div>\n<\/div>\n\n\n\n<div class=\"wp-block-column is-vertically-aligned-top recipe-single-product wow bounceInUp center is-layout-flow wp-container-core-column-is-layout-053e94e8 wp-block-column-is-layout-flow\" style=\"padding-right:0;padding-left:0\">\n<figure class=\"wp-block-image size-full has-custom-border\"><a href=\"http:\/\/odsprzedazyproduktu\"><img loading=\"lazy\" decoding=\"async\" width=\"1398\" height=\"1442\" src=\"https:\/\/mrugowski.pl\/wp-content\/uploads\/2026\/03\/Zrzut-ekranu-2026-03-30-o-18.48.27.png\" alt=\"\" class=\"wp-image-990\" style=\"border-radius:0px;object-fit:cover\" srcset=\"https:\/\/mrugowski.pl\/wp-content\/uploads\/2026\/03\/Zrzut-ekranu-2026-03-30-o-18.48.27.png 1398w, https:\/\/mrugowski.pl\/wp-content\/uploads\/2026\/03\/Zrzut-ekranu-2026-03-30-o-18.48.27-291x300.png 291w, https:\/\/mrugowski.pl\/wp-content\/uploads\/2026\/03\/Zrzut-ekranu-2026-03-30-o-18.48.27-993x1024.png 993w, https:\/\/mrugowski.pl\/wp-content\/uploads\/2026\/03\/Zrzut-ekranu-2026-03-30-o-18.48.27-768x792.png 768w\" sizes=\"auto, (max-width: 1398px) 100vw, 1398px\" \/><\/a><\/figure>\n<\/div>\n\n\n\n<div class=\"wp-block-column is-vertically-aligned-top recipe-single-product wow bounceInUp center is-layout-flow wp-container-core-column-is-layout-053e94e8 wp-block-column-is-layout-flow\" style=\"padding-right:0;padding-left:0\">\n<figure class=\"wp-block-image size-full has-custom-border\"><a href=\"http:\/\/lideropanowany\"><img loading=\"lazy\" decoding=\"async\" width=\"1398\" height=\"1442\" src=\"https:\/\/mrugowski.pl\/wp-content\/uploads\/2026\/03\/Zrzut-ekranu-2026-03-30-o-18.13.45.png\" alt=\"\" class=\"wp-image-983\" style=\"border-radius:0px;object-fit:cover\" srcset=\"https:\/\/mrugowski.pl\/wp-content\/uploads\/2026\/03\/Zrzut-ekranu-2026-03-30-o-18.13.45.png 1398w, https:\/\/mrugowski.pl\/wp-content\/uploads\/2026\/03\/Zrzut-ekranu-2026-03-30-o-18.13.45-291x300.png 291w, https:\/\/mrugowski.pl\/wp-content\/uploads\/2026\/03\/Zrzut-ekranu-2026-03-30-o-18.13.45-993x1024.png 993w, https:\/\/mrugowski.pl\/wp-content\/uploads\/2026\/03\/Zrzut-ekranu-2026-03-30-o-18.13.45-768x792.png 768w\" sizes=\"auto, (max-width: 1398px) 100vw, 1398px\" \/><\/a><\/figure>\n<\/div>\n\n\n\n<div class=\"wp-block-column is-vertically-aligned-top recipe-single-product wow bounceInUp center is-layout-flow wp-container-core-column-is-layout-053e94e8 wp-block-column-is-layout-flow\" style=\"padding-right:0;padding-left:0\">\n<figure class=\"wp-block-image size-full has-custom-border\"><a href=\"http:\/\/pracowacwkorpo\"><img loading=\"lazy\" decoding=\"async\" width=\"1732\" height=\"1784\" src=\"https:\/\/mrugowski.pl\/wp-content\/uploads\/2026\/03\/image-16.png\" alt=\"\" class=\"wp-image-989\" style=\"border-radius:0px;object-fit:cover\" srcset=\"https:\/\/mrugowski.pl\/wp-content\/uploads\/2026\/03\/image-16.png 1732w, https:\/\/mrugowski.pl\/wp-content\/uploads\/2026\/03\/image-16-291x300.png 291w, https:\/\/mrugowski.pl\/wp-content\/uploads\/2026\/03\/image-16-994x1024.png 994w, https:\/\/mrugowski.pl\/wp-content\/uploads\/2026\/03\/image-16-768x791.png 768w, https:\/\/mrugowski.pl\/wp-content\/uploads\/2026\/03\/image-16-1491x1536.png 1491w\" sizes=\"auto, (max-width: 1732px) 100vw, 1732px\" \/><\/a><\/figure>\n<\/div>\n<\/div>\n<\/div>\n<\/div>\n\n\n\n<div id=\"wp-block-themeisle-blocks-advanced-columns-35825447\" class=\"wp-block-themeisle-blocks-advanced-columns alignfull has-2-columns has-desktop-equal-layout has-tablet-equal-layout has-mobile-collapsedRows-layout has-vertical-center ticss-c00aadba\"><div class=\"wp-block-themeisle-blocks-advanced-columns-overlay\"><\/div><div class=\"innerblocks-wrap\">\n<div id=\"wp-block-themeisle-blocks-advanced-column-fedc9d47\" class=\"wp-block-themeisle-blocks-advanced-column\">\n<figure class=\"wp-block-image aligncenter size-large is-resized\" id=\"odsprzedazyproduktu\"><img loading=\"lazy\" decoding=\"async\" width=\"996\" height=\"1024\" src=\"https:\/\/mrugowski.pl\/wp-content\/uploads\/2026\/03\/image-15-996x1024.png\" alt=\"\" class=\"wp-image-981\" style=\"width:450px\" srcset=\"https:\/\/mrugowski.pl\/wp-content\/uploads\/2026\/03\/image-15-996x1024.png 996w, https:\/\/mrugowski.pl\/wp-content\/uploads\/2026\/03\/image-15-292x300.png 292w, https:\/\/mrugowski.pl\/wp-content\/uploads\/2026\/03\/image-15-768x790.png 768w, https:\/\/mrugowski.pl\/wp-content\/uploads\/2026\/03\/image-15.png 1406w\" sizes=\"auto, (max-width: 996px) 100vw, 996px\" \/><\/figure>\n\n\n\n<p class=\"has-text-align-center has-extra-small-font-size\">Produkt czasowo dost\u0119pny jedynie w ramach szkolenia. Zapraszamy za chwil\u0119!<\/p>\n<\/div>\n\n\n\n<div id=\"wp-block-themeisle-blocks-advanced-column-ed1b12ac\" class=\"wp-block-themeisle-blocks-advanced-column\">\n<h2 id=\"wp-block-themeisle-blocks-advanced-heading-8f3ca166\" class=\"wp-block-themeisle-blocks-advanced-heading wp-block-themeisle-blocks-advanced-heading-8f3ca166 has-light-bg\">Od Sprzeda\u017cy Produktu do Projektowania Relacji<\/h2>\n\n\n\n<p>Wi\u0119kszo\u015b\u0107 handlowc\u00f3w skupia si\u0119 na transakcji, zapominaj\u0105c, \u017ce po drugiej stronie jest cz\u0142owiek z marzeniem o realizacji swojego projektu i ograniczonym czasem, dla kt\u00f3rego zakup jest postrzegany jako stresor i nieprzyjemny proces, w kt\u00f3rym traci pieni\u0105dze i czas, gdy po\u017c\u0105dany efekt jest dalekim miejscem poza jego horyzontem.<\/p>\n\n\n\n<p class=\"has-medium-font-size\">Metoda <strong>ART&amp;LIFE<\/strong> to podej\u015bcie, kt\u00f3re zmienia perspektyw\u0119 z poziomu handlowca odpowiedzialnego za realizacj\u0119 KPI, na zrozumienie Klienta i koncentracj\u0119 na jego obrazie \u017cycia. Transakcja jest tu elementem wa\u017cnym, ale nie jedynym w kontek\u015bcie budowania d\u0142ugoterminowej relacji partnerskiej z Klientami.<\/p>\n\n\n\n<p><strong>Z tej ksi\u0105\u017cki dowiesz si\u0119, jak:<\/strong><\/p>\n\n\n\n<p>Zdj\u0105\u0107 z klienta ci\u0119\u017car decyzji technicznych i sta\u0107 si\u0119 jego zaufanym doradc\u0105, partnerem na drodze do realizacji jego marzenia.<\/p>\n\n\n\n<p>Oszcz\u0119dza\u0107 najcenniejsz\u0105 walut\u0119 \u015bwiata \u2013 czas (Twoje 1440 minut na dob\u0119 i minuty Twojego klienta).<\/p>\n\n\n\n<p>Budowa\u0107 trwa\u0142e relacje, w kt\u00f3rych sprzeda\u017c jest naturalnym efektem dobrze zaprojektowanego procesu.<\/p>\n\n\n\n<p class=\"has-pale-cyan-blue-background-color has-background\"><strong>To nie jest kolejny podr\u0119cznik technik sprzeda\u017cy. To instrukcja budowania biznesu opartego na patnerstwie, empatii, estetyce i in\u017cynierskiej precyzji.<\/strong><\/p>\n\n\n\n<p><strong>Cena: 65 z\u0142 (+koszty wysy\u0142ki) Kup bezpo\u015brednio u Nas!<\/strong><\/p>\n<\/div>\n<\/div><\/div>\n\n\n\n<div id=\"wp-block-themeisle-blocks-advanced-columns-ee285875\" class=\"wp-block-themeisle-blocks-advanced-columns alignfull has-2-columns has-desktop-equal-layout has-tablet-equal-layout has-mobile-collapsedRows-layout has-vertical-center ticss-c00aadba\"><div class=\"wp-block-themeisle-blocks-advanced-columns-overlay\"><\/div><div class=\"innerblocks-wrap\">\n<div id=\"wp-block-themeisle-blocks-advanced-column-c7af1ea5\" class=\"wp-block-themeisle-blocks-advanced-column\">\n<figure class=\"wp-block-image aligncenter size-large is-resized\" id=\"lideropanowany\"><img loading=\"lazy\" decoding=\"async\" width=\"993\" height=\"1024\" src=\"https:\/\/mrugowski.pl\/wp-content\/uploads\/2026\/03\/Zrzut-ekranu-2026-03-30-o-18.13.45-993x1024.png\" alt=\"\" class=\"wp-image-983\" style=\"width:450px\" srcset=\"https:\/\/mrugowski.pl\/wp-content\/uploads\/2026\/03\/Zrzut-ekranu-2026-03-30-o-18.13.45-993x1024.png 993w, https:\/\/mrugowski.pl\/wp-content\/uploads\/2026\/03\/Zrzut-ekranu-2026-03-30-o-18.13.45-291x300.png 291w, https:\/\/mrugowski.pl\/wp-content\/uploads\/2026\/03\/Zrzut-ekranu-2026-03-30-o-18.13.45-768x792.png 768w, https:\/\/mrugowski.pl\/wp-content\/uploads\/2026\/03\/Zrzut-ekranu-2026-03-30-o-18.13.45.png 1398w\" sizes=\"auto, (max-width: 993px) 100vw, 993px\" \/><\/figure>\n\n\n\n<p class=\"has-text-align-center has-extra-small-font-size\">Produkt czasowo dost\u0119pny jedynie w ramach szkolenia. Zapraszamy za chwil\u0119!<\/p>\n<\/div>\n\n\n\n<div id=\"wp-block-themeisle-blocks-advanced-column-f90f3932\" class=\"wp-block-themeisle-blocks-advanced-column\">\n<h2 id=\"wp-block-themeisle-blocks-advanced-heading-939b0273\" class=\"wp-block-themeisle-blocks-advanced-heading wp-block-themeisle-blocks-advanced-heading-939b0273 has-light-bg\">Lider Opanowany, In\u017cynieria Spokoju w \u015awiecie Chaosu<\/h2>\n\n\n\n<p>Wi\u0119kszo\u015b\u0107 lider\u00f3w, kt\u00f3rych spotykam, \u017cyje w stanie stresu. Telefon, kt\u00f3ry nie milknie, pe\u0142na skrzynka odbiorcza, nieko\u0144cz\u0105ca si\u0119 lista zada\u0144 i praca w weekendy. Rodzina dostaje resztki Twojej energii, a m\u00f3zg przypomina przegrzany procesor, kt\u00f3ry desperacko potrzebuje restartu.<\/p>\n\n\n\n<p class=\"has-pale-cyan-blue-background-color has-background\"><strong>To nie jest kolejny poradnik o zarz\u0105dzaniu czasem. To ksi\u0105\u017cka o projektowaniu spokoju, zanim chaos zaprojektuje Twoje zm\u0119czenie, chroniczny stres wyniszczy Tw\u00f3j organizm, a relacje spo\u0142eczne legn\u0105 w gruzach.<\/strong><\/p>\n\n\n\n<p><strong>Dzi\u0119ki niej zyskasz pole do refleksji nad swoj\u0105 codzienno\u015bci\u0105.<\/strong><\/p>\n\n\n\n<p>Jak odci\u0105\u0107 si\u0119 od operacyjnego szumu, odzyska\u0107 perspektyw\u0119 strategiczn\u0105 i zachowa\u0107 zimn\u0105 krew, gdy wszyscy inni trac\u0105 g\u0142ow\u0119?<\/p>\n\n\n\n<p>Jak fizycznie i mentalnie zamkn\u0105\u0107 dzie\u0144, by Tw\u00f3j czas wolny, by\u0142 rzeczywi\u015bcie wolny, a sen by\u0142 prawdziw\u0105 regeneracj\u0105, zamiast stanowi\u0107 tylko kr\u00f3tk\u0105 przerw\u0119 w stresie?<\/p>\n\n\n\n<p><strong>\u201eLider Opanowany\u201d to instrukcja obs\u0142ugi Twojego najcenniejszego narz\u0119dzia pracy &#8211; Twojego w\u0142asnego umys\u0142u.<\/strong><\/p>\n\n\n\n<p><strong>Cena: 65 z\u0142 (+koszty wysy\u0142ki) Kup bezpo\u015brednio u Nas!<\/strong><\/p>\n<\/div>\n<\/div><\/div>\n\n\n\n<div id=\"wp-block-themeisle-blocks-advanced-columns-09fa46ff\" class=\"wp-block-themeisle-blocks-advanced-columns alignfull has-2-columns has-desktop-equal-layout has-tablet-equal-layout has-mobile-collapsedRows-layout has-vertical-center ticss-c00aadba\"><div class=\"wp-block-themeisle-blocks-advanced-columns-overlay\"><\/div><div class=\"innerblocks-wrap\">\n<div id=\"wp-block-themeisle-blocks-advanced-column-2088f005\" class=\"wp-block-themeisle-blocks-advanced-column\">\n<figure class=\"wp-block-image aligncenter size-large is-resized\" id=\"twoje1440\"><img loading=\"lazy\" decoding=\"async\" width=\"996\" height=\"1024\" src=\"https:\/\/mrugowski.pl\/wp-content\/uploads\/2026\/03\/image-18-996x1024.png\" alt=\"\" class=\"wp-image-995\" style=\"width:450px\" srcset=\"https:\/\/mrugowski.pl\/wp-content\/uploads\/2026\/03\/image-18-996x1024.png 996w, https:\/\/mrugowski.pl\/wp-content\/uploads\/2026\/03\/image-18-292x300.png 292w, https:\/\/mrugowski.pl\/wp-content\/uploads\/2026\/03\/image-18-768x789.png 768w, https:\/\/mrugowski.pl\/wp-content\/uploads\/2026\/03\/image-18-1494x1536.png 1494w, https:\/\/mrugowski.pl\/wp-content\/uploads\/2026\/03\/image-18.png 1728w\" sizes=\"auto, (max-width: 996px) 100vw, 996px\" \/><\/figure>\n\n\n\n<p class=\"has-text-align-center has-extra-small-font-size\">Produkt czasowo dost\u0119pny jedynie w ramach szkolenia. Zapraszamy za chwil\u0119!<\/p>\n<\/div>\n\n\n\n<div id=\"wp-block-themeisle-blocks-advanced-column-0cbe2533\" class=\"wp-block-themeisle-blocks-advanced-column\">\n<h2 id=\"wp-block-themeisle-blocks-advanced-heading-52a2bcfe\" class=\"wp-block-themeisle-blocks-advanced-heading wp-block-themeisle-blocks-advanced-heading-52a2bcfe has-light-bg\">Twoje 1440 Minut<\/h2>\n\n\n\n<p>O co chodzi z tym 1440? Z tylu minut sk\u0142ada si\u0119 nasz ka\u017cdy dzie\u0144. \u017bycie, jako ca\u0142o\u015b\u0107, jest czym\u015b nieuchwytnym i abstrakcyjnym. Nie jeste\u015bmy mistrzami planowania. Warto wi\u0119c podzieli\u0107 je na mniejsze fragmenty. Bardziej rozpoznawalne i \u0142atwiejsze w percepcji.<\/p>\n\n\n\n<p class=\"has-pale-cyan-blue-background-color has-background\"><strong>Drugi najlepszy czas na zmian\u0119 jest w\u0142a\u015bnie teraz \u2013 tak m\u00f3wi chi\u0144skie przys\u0142owie i motywacyjni m\u00f3wcy. Dlaczego wi\u0119c, gdy przychodzi stycze\u0144 kolejnego roku, wi\u0119kszo\u015b\u0107 z nas l\u0105duje w tym samym martwym punkcie co rok wcze\u015bniej?<\/strong><\/p>\n\n\n\n<p>\u201eSen to ma\u0142a \u015bmier\u0107\u201d \u2013 powiedzia\u0142 klasyk. Dlatego ja wierz\u0119 w reinkarnacj\u0119, codzienn\u0105. Bo ka\u017cdy nowy dzie\u0144 jest ak oddzielne \u017cycie. Jak to zmienia nasz\u0105 perspektyw\u0119? <\/p>\n\n\n\n<p>Oczywi\u015bcie odezwie si\u0119 w nas manager, przed kt\u00f3rym stoj\u0105 plany roczne, kwartalne i miesi\u0119czne, albo student z drugiego roku, co ma jeszcze trzy lata har\u00f3wki przed sob\u0105. No i ten kredyt na 10 lub 25 lat!<\/p>\n\n\n\n<p>In\u017cynieria ma\u0142ych krok\u00f3w. 42 kilometry maratonu staj\u0105 si\u0119 \u0142atwiejsze, gdy my\u015blimy o ka\u017cdym kolejnym kroku, albo o odcinku \u201edo tamtego drzewa\u201d, \u201edo skrzy\u017cowania\u201d. W zarz\u0105dzaniu sob\u0105 jest tak samo.<\/p>\n\n\n\n<p>1440 minut to prawie ca\u0142e \u017cycie motyla. A dla nas? Kolejny krok do realizacji cel\u00f3w. Zapominanie o tym oddala nas od marze\u0144.<\/p>\n\n\n\n<p><strong>\u201eTwoje 1440 Minut\u201d to ksi\u0105\u017cka o tym, jak nie przegapi\u0107 tego, co najcenniejsze. <\/strong><\/p>\n\n\n\n<p><strong>Cena: 65 z\u0142 (+koszty wysy\u0142ki) Kup bezpo\u015brednio u Nas!<\/strong><\/p>\n<\/div>\n<\/div><\/div>\n\n\n\n<div id=\"wp-block-themeisle-blocks-advanced-columns-43eab966\" class=\"wp-block-themeisle-blocks-advanced-columns alignfull has-2-columns has-desktop-equal-layout has-tablet-equal-layout has-mobile-collapsedRows-layout has-vertical-center ticss-c00aadba\"><div class=\"wp-block-themeisle-blocks-advanced-columns-overlay\"><\/div><div class=\"innerblocks-wrap\">\n<div id=\"wp-block-themeisle-blocks-advanced-column-1d365db5\" class=\"wp-block-themeisle-blocks-advanced-column\">\n<figure class=\"wp-block-image aligncenter size-large is-resized\" id=\"pracowacwkorpo\"><img loading=\"lazy\" decoding=\"async\" width=\"994\" height=\"1024\" src=\"https:\/\/mrugowski.pl\/wp-content\/uploads\/2026\/03\/image-16-994x1024.png\" alt=\"\" class=\"wp-image-989\" style=\"width:450px\" srcset=\"https:\/\/mrugowski.pl\/wp-content\/uploads\/2026\/03\/image-16-994x1024.png 994w, https:\/\/mrugowski.pl\/wp-content\/uploads\/2026\/03\/image-16-291x300.png 291w, https:\/\/mrugowski.pl\/wp-content\/uploads\/2026\/03\/image-16-768x791.png 768w, https:\/\/mrugowski.pl\/wp-content\/uploads\/2026\/03\/image-16-1491x1536.png 1491w, https:\/\/mrugowski.pl\/wp-content\/uploads\/2026\/03\/image-16.png 1732w\" sizes=\"auto, (max-width: 994px) 100vw, 994px\" \/><\/figure>\n\n\n\n<p class=\"has-text-align-center has-extra-small-font-size\">Produkt czasowo dost\u0119pny jedynie w ramach szkolenia. Zapraszamy za chwil\u0119!<\/p>\n<\/div>\n\n\n\n<div id=\"wp-block-themeisle-blocks-advanced-column-535485e6\" class=\"wp-block-themeisle-blocks-advanced-column\">\n<h2 id=\"wp-block-themeisle-blocks-advanced-heading-c28d3347\" class=\"wp-block-themeisle-blocks-advanced-heading wp-block-themeisle-blocks-advanced-heading-c28d3347 has-light-bg\">Pracowa\u0107 w Korpo i nie zwiariowa\u0107!<\/h2>\n\n\n\n<p>\u201ePracowa\u0107 w Korpo i nie zwiariowa\u0107\u201d to lektura obowi\u0105zkowa dla tych, kt\u00f3rzy dopiero zamierzaj\u0105 podj\u0105\u0107 wyzwanie pracy w korporacji, jak i dla weteran\u00f3w, na co dzie\u0144 stykaj\u0105cych si\u0119 z najwi\u0119kszymi absurdami rzeczywisto\u015bci korporacyjnej.&nbsp;<\/p>\n\n\n\n<p>Mowa tu o paradoksach zarz\u0105dzania, pr\u00f3bach realizacji sprzecznych cel\u00f3w, poczuciu bycia \u201ezaj\u0105czkiem na autostradzie\u201d p\u0119dz\u0105cych aut. To codzienno\u015b\u0107 pe\u0142na setek zarz\u0105dze\u0144 i regulamin\u00f3w, gdzie ka\u017cde zadanie ma najwy\u017cszy priorytet, a ci\u0105g\u0142e oceny od prze\u0142o\u017conych i wsp\u00f3\u0142pracownik\u00f3w gro\u017c\u0105 depresj\u0105.<\/p>\n\n\n\n<p><strong>Polecam t\u0119 ksi\u0105\u017ck\u0119 osobom, kt\u00f3re przechodz\u0105 p\u0142ynnie od sukces\u00f3w do upadk\u00f3w, biegn\u0105 ku mecie pomimo \u201eprzestrzelonych kolan\u201d procedurami i kodeksami, tylko po to, by odkry\u0107, \u017ce to by\u0142 jedynie kolejny punkt kontrolny.<\/strong><\/p>\n\n\n\n<p class=\"has-pale-cyan-blue-background-color has-background\"><strong><br> Je\u015bli zmagacie si\u0119 z wielozadaniowo\u015bci\u0105, poliwalencj\u0105 i przebod\u017acowaniem, zebraniami, mityngami o \u201ewszystkim i niczym\u201d, pracami w grupach tematycznych, zespo\u0142ach roboczych etc., a jednocze\u015bnie pr\u00f3bujecie upchn\u0105\u0107 to wszystko w rozs\u0105dnym wymiarze godzin, zachowuj\u0105c work-life balance \u2014 to jest ksi\u0105\u017cka dla Was.<\/strong><\/p>\n\n\n\n<p><strong>Cena: 65 z\u0142 (+koszty wysy\u0142ki) Kup bezpo\u015brednio u Nas!<\/strong><\/p>\n<\/div>\n<\/div><\/div>\n","protected":false},"excerpt":{"rendered":"<p>KUPUJ BEZPO\u015aREDNIO U NAS<\/p>\n","protected":false},"author":1,"featured_media":0,"parent":0,"menu_order":0,"comment_status":"closed","ping_status":"closed","template":"","meta":{"_themeisle_gutenberg_block_has_review":false,"footnotes":""},"class_list":["post-1018","page","type-page","status-publish","hentry"],"_links":{"self":[{"href":"https:\/\/mrugowski.pl\/index.php?rest_route=\/wp\/v2\/pages\/1018","targetHints":{"allow":["GET"]}}],"collection":[{"href":"https:\/\/mrugowski.pl\/index.php?rest_route=\/wp\/v2\/pages"}],"about":[{"href":"https:\/\/mrugowski.pl\/index.php?rest_route=\/wp\/v2\/types\/page"}],"author":[{"embeddable":true,"href":"https:\/\/mrugowski.pl\/index.php?rest_route=\/wp\/v2\/users\/1"}],"replies":[{"embeddable":true,"href":"https:\/\/mrugowski.pl\/index.php?rest_route=%2Fwp%2Fv2%2Fcomments&post=1018"}],"version-history":[{"count":11,"href":"https:\/\/mrugowski.pl\/index.php?rest_route=\/wp\/v2\/pages\/1018\/revisions"}],"predecessor-version":[{"id":1029,"href":"https:\/\/mrugowski.pl\/index.php?rest_route=\/wp\/v2\/pages\/1018\/revisions\/1029"}],"wp:attachment":[{"href":"https:\/\/mrugowski.pl\/index.php?rest_route=%2Fwp%2Fv2%2Fmedia&parent=1018"}],"curies":[{"name":"wp","href":"https:\/\/api.w.org\/{rel}","templated":true}]}}