{"id":149,"date":"2025-09-22T22:24:23","date_gmt":"2025-09-22T20:24:23","guid":{"rendered":"https:\/\/mrugowski.pl\/?page_id=149"},"modified":"2026-03-20T20:11:26","modified_gmt":"2026-03-20T19:11:26","slug":"szklanka-do-polowy","status":"publish","type":"page","link":"https:\/\/mrugowski.pl\/?page_id=149","title":{"rendered":"Szklanka do po\u0142owy&#8230;"},"content":{"rendered":"\n<figure class=\"wp-block-image aligncenter size-full is-resized\"><img loading=\"lazy\" decoding=\"async\" width=\"592\" height=\"702\" src=\"https:\/\/mrugowski.pl\/wp-content\/uploads\/2026\/03\/SZKLANKA.jpg\" alt=\"\" class=\"wp-image-664\" style=\"width:450px\" srcset=\"https:\/\/mrugowski.pl\/wp-content\/uploads\/2026\/03\/SZKLANKA.jpg 592w, https:\/\/mrugowski.pl\/wp-content\/uploads\/2026\/03\/SZKLANKA-253x300.jpg 253w\" sizes=\"auto, (max-width: 592px) 100vw, 592px\" \/><\/figure>\n\n\n\n<p class=\"has-normal-font-size\"><strong>Szklanka do po\u0142owy\u2026 czyli jak nastawienie wp\u0142ywa na realizacj\u0119 projekt\u00f3w<\/strong>.<\/p>\n\n\n\n<p class=\"has-normal-font-size\">&#8222;Szklanka jest do po\u0142owy pe\u0142na czy do po\u0142owy pusta?&#8221; \u2013 to pytanie to co\u015b wi\u0119cej ni\u017c tylko porzekad\u0142o. To odwieczny dylemat, kt\u00f3ry \u015bwietnie opisuje, jak nasze nastawienie wp\u0142ywa na wszystko, co robimy. To wiadomo\u015b\u0107 dla perfekcjonist\u00f3w i idealist\u00f3w: \u015bwiat nie jest idealny. A dla realist\u00f3w?<\/p>\n\n\n\n<p class=\"has-pale-pink-color has-primary-background-color has-text-color has-background has-link-color has-normal-font-size wp-elements-14a6ae4e27bebd7ecb0208be885808fa\">Prawdziwym wyzwaniem jest d\u0105\u017cenie do rozwi\u0105zania problem\u00f3w i realizacji projekt\u00f3w w \u015bwiecie pe\u0142nym kompromis\u00f3w.<\/p>\n\n\n\n<p class=\"has-normal-font-size\">Z\u0142apanie kr\u00f3liczka nie jest tak ekscytuj\u0105ce, jak po\u015bcig. Prawdziwy problem zaczyna si\u0119, gdy na naszej drodze staje negatywne nastawienie. Mo\u017ce to by\u0107 brak realnej oceny sytuacji lub, co gorsza, brak satysfakcji z tego, co ju\u017c osi\u0105gn\u0119li\u015bmy.<\/p>\n\n\n\n<p class=\"has-normal-font-size\">Niezale\u017cnie od przyczyny, warto zada\u0107 sobie pytanie: co stanowi &#8222;magiczne 50%&#8221; naszych projekt\u00f3w? Jakie 50% ju\u017c mamy i co musimy zrobi\u0107, aby szklanka by\u0142a pe\u0142na w satysfakcjonuj\u0105cym nas stopniu? Analiza tych dw\u00f3ch punkt\u00f3w mo\u017ce przynie\u015b\u0107 zaskakuj\u0105ce wnioski.<\/p>\n\n\n\n<h3 class=\"wp-block-heading has-pale-cyan-blue-color has-primary-background-color has-text-color has-background has-link-color has-normal-font-size wp-elements-ee33c41e8d00b393e0a779c4da2c4b7e\"><strong>Pu\u0142apki i rozwi\u0105zania, czyli co nas blokuje<\/strong><\/h3>\n\n\n\n<p class=\"has-normal-font-size\">Cho\u0107 mamy wszystko: umiej\u0119tno\u015bci, wiedz\u0119 i do\u015bwiadczenie, co\u015b wci\u0105\u017c blokuje nas przed realizacj\u0105 cel\u00f3w. Z pomoc\u0105 mo\u017ce przyj\u015b\u0107 kilka pyta\u0144, na kt\u00f3re odpowiedzi pozwol\u0105 ci ruszy\u0107 z miejsca.<\/p>\n\n\n\n<h4 class=\"wp-block-heading has-light-green-cyan-color has-primary-background-color has-text-color has-background has-link-color has-normal-font-size wp-elements-f89385c7d83c0ee2e71ef777ef14ee6f\"><strong>Sprawd\u017a, na ile cel zale\u017cy od ciebie<\/strong><\/h4>\n\n\n\n<p class=\"has-normal-font-size\">Czy realizacja projektu rzeczywi\u015bcie zale\u017cy w 100% od ciebie? Cz\u0119sto wydaje nam si\u0119, \u017ce tak, ale nie bierzemy pod uwag\u0119 wp\u0142ywu rodziny, przyjaci\u00f3\u0142 czy wsp\u00f3\u0142pracownik\u00f3w. Zastan\u00f3w si\u0119, jak ich nastawienie wp\u0142ywa na twoje dzia\u0142ania. Czasem drobna zmiana perspektywy i pro\u015bba o wsparcie sprawi\u0105, \u017ce krytyk zmieni si\u0119 w cennego doradc\u0119. Prawdziwy i bezcenny feedback cz\u0119sto pochodzi od tych, kt\u00f3rzy stawiaj\u0105 nam op\u00f3r. Pomy\u015bl, co mo\u017cesz zrobi\u0107, aby odzyska\u0107 100% wp\u0142ywu na sytuacj\u0119.<\/p>\n\n\n\n<h4 class=\"wp-block-heading has-luminous-vivid-amber-color has-primary-background-color has-text-color has-background has-link-color has-normal-font-size wp-elements-7565bf40b24c0ab42e75094e4c4ea306\"><strong>Podziel cel na ma\u0142e kroki<\/strong><\/h4>\n\n\n\n<p class=\"has-normal-font-size\">Czasami cel wydaje si\u0119 nierealny. Wtedy warto skupi\u0107 si\u0119 na jednym, ma\u0142ym kroku. Ten pierwszy, prosty ruch mo\u017ce uruchomi\u0107 lawin\u0119 pozytywnych zmian i, co najwa\u017cniejsze, da\u0107 ci wiar\u0119 we w\u0142asne mo\u017cliwo\u015bci.<\/p>\n\n\n\n<p class=\"has-normal-font-size\">A gdyby wszystko by\u0142o mo\u017cliwe? Gdyby\u015b mia\u0142 &#8222;zaczarowany o\u0142\u00f3wek&#8221;, co by\u015b narysowa\u0142? Odpowiedzi na to pytanie cz\u0119sto stanowi\u0105 gotowy plan dzia\u0142ania.<\/p>\n\n\n\n<h4 class=\"wp-block-heading has-pale-cyan-blue-color has-primary-background-color has-text-color has-background has-link-color has-normal-font-size wp-elements-08805ca63462d020549102e4c48b2f0f\"><strong>Oce\u0144 koszty<\/strong><\/h4>\n\n\n\n<p class=\"has-normal-font-size\">Nie zapominaj o kosztach. Zastan\u00f3w si\u0119, jak realizacja projektu wp\u0142ynie na ciebie i twoje otoczenie. Ta \u015bwiadomo\u015b\u0107 uchroni ci\u0119 przed nieprzemy\u015blanymi decyzjami.<\/p>\n\n\n\n<h4 class=\"wp-block-heading has-light-green-cyan-color has-primary-background-color has-text-color has-background has-link-color has-normal-font-size wp-elements-14934b3e12e7192f08111bc0b8e34bb2\"><strong>Ustal konkretn\u0105 dat\u0119<\/strong><\/h4>\n\n\n\n<p class=\"has-normal-font-size\">Ostatnim, kluczowym krokiem jest wyznaczenie daty realizacji \u2013 zar\u00f3wno dla tego pierwszego, ma\u0142ego kroku, jak i dla ca\u0142ego, g\u0142\u00f3wnego celu.<\/p>\n\n\n\n<h3 class=\"wp-block-heading has-pale-pink-color has-primary-background-color has-text-color has-background has-link-color has-normal-font-size wp-elements-5386a0cf11b6fcf017d9d3fbaeb10737\"><strong>Zmie\u0144 postrzeganie, zmie\u0144 \u017cycie<\/strong><\/h3>\n\n\n\n<p class=\"has-normal-font-size\">Szklanka, kt\u00f3ra jest do po\u0142owy&#8230; wci\u0105\u017c jest t\u0105 sam\u0105 szklank\u0105. R\u00f3\u017cnica polega na tym, jak j\u0105 postrzegamy i co z tym zrobimy. Zmiana sposobu my\u015blenia nie oznacza, \u017ce masz za\u0142o\u017cy\u0107 &#8222;r\u00f3\u017cowe okulary&#8221;. Chodzi o realizm, kt\u00f3ry nie jest cyniczn\u0105 postaw\u0105, lecz staje si\u0119 \u015bcie\u017ck\u0105 do rozwi\u0105zania problemu.<\/p>\n\n\n\n<p class=\"has-normal-font-size\">To nie jest proste, bo najwi\u0119ksz\u0105 walk\u0119 toczymy z samym sob\u0105. Ale to walka o wszystko. Od tego, czy j\u0105 wygramy, zale\u017cy, czy b\u0119dziemy realizowa\u0107 marzenia, czy tylko z podziwem patrze\u0107 na tych, kt\u00f3rym si\u0119 uda\u0142o. <\/p>\n\n\n\n<p class=\"has-normal-font-size\">A mo\u017ce rzeczywi\u015bcie wystarczy wdzi\u0119czno\u015bc, \u017ce ja w og\u00f3le mamy?<\/p>\n\n\n\n<p class=\"has-light-green-cyan-color has-primary-background-color has-text-color has-background has-link-color has-normal-font-size wp-elements-a3b54829b1eba2262ccfbaac12fe2cdf\">Ja jednak wierz\u0119, \u017ce Olbrzym drzemie w ka\u017cdym z nas. I gotowi jeste\u015bmy nape\u0142ni\u0107 ka\u017cd\u0105 szklank\u0119, cho\u0107by ca\u0142kiem pust\u0105.<\/p>\n\n\n\n<p class=\"has-ti-bg-color has-pale-cyan-blue-background-color has-text-color has-background has-link-color has-normal-font-size wp-elements-16509090142971b5c09cd7d4286b5f1f\"><a href=\"https:\/\/www.linkedin.com\/posts\/smrugowski_szklanka-do-po%C5%82owy-w-tym-porzekadle-tkwi-activity-7074763200512090113-9sU8?utm_source=share&amp;utm_medium=member_desktop&amp;rcm=ACoAABsytdABy2zYDrGUn8OnmKnUi53EhaJelX0\">A jak Wy my\u015blicie?<\/a><\/p>\n","protected":false},"excerpt":{"rendered":"<p>Szklanka do po\u0142owy\u2026 czyli jak nastawienie wp\u0142ywa na realizacj\u0119 projekt\u00f3w. &#8222;Szklanka jest do po\u0142owy pe\u0142na czy do po\u0142owy pusta?&#8221; \u2013 to pytanie to co\u015b wi\u0119cej ni\u017c tylko porzekad\u0142o. To odwieczny dylemat, kt\u00f3ry \u015bwietnie opisuje, jak nasze nastawienie wp\u0142ywa na wszystko, co robimy. To wiadomo\u015b\u0107 dla perfekcjonist\u00f3w i idealist\u00f3w: \u015bwiat nie jest idealny. A dla realist\u00f3w? [&hellip;]<\/p>\n","protected":false},"author":1,"featured_media":0,"parent":0,"menu_order":0,"comment_status":"closed","ping_status":"closed","template":"","meta":{"footnotes":""},"class_list":["post-149","page","type-page","status-publish","hentry"],"_links":{"self":[{"href":"https:\/\/mrugowski.pl\/index.php?rest_route=\/wp\/v2\/pages\/149","targetHints":{"allow":["GET"]}}],"collection":[{"href":"https:\/\/mrugowski.pl\/index.php?rest_route=\/wp\/v2\/pages"}],"about":[{"href":"https:\/\/mrugowski.pl\/index.php?rest_route=\/wp\/v2\/types\/page"}],"author":[{"embeddable":true,"href":"https:\/\/mrugowski.pl\/index.php?rest_route=\/wp\/v2\/users\/1"}],"replies":[{"embeddable":true,"href":"https:\/\/mrugowski.pl\/index.php?rest_route=%2Fwp%2Fv2%2Fcomments&post=149"}],"version-history":[{"count":5,"href":"https:\/\/mrugowski.pl\/index.php?rest_route=\/wp\/v2\/pages\/149\/revisions"}],"predecessor-version":[{"id":666,"href":"https:\/\/mrugowski.pl\/index.php?rest_route=\/wp\/v2\/pages\/149\/revisions\/666"}],"wp:attachment":[{"href":"https:\/\/mrugowski.pl\/index.php?rest_route=%2Fwp%2Fv2%2Fmedia&parent=149"}],"curies":[{"name":"wp","href":"https:\/\/api.w.org\/{rel}","templated":true}]}}