{"id":188,"date":"2025-09-23T18:35:48","date_gmt":"2025-09-23T16:35:48","guid":{"rendered":"https:\/\/mrugowski.pl\/?page_id=188"},"modified":"2026-03-20T17:56:21","modified_gmt":"2026-03-20T16:56:21","slug":"feedback","status":"publish","type":"page","link":"https:\/\/mrugowski.pl\/?page_id=188","title":{"rendered":"FEEDBACK, CZYLI CO MNIE NIE ZABIJE&#8230;"},"content":{"rendered":"\n<figure class=\"wp-block-image aligncenter size-full is-resized\"><img loading=\"lazy\" decoding=\"async\" width=\"1180\" height=\"1272\" src=\"https:\/\/mrugowski.pl\/wp-content\/uploads\/2026\/03\/Feedback-1.jpg\" alt=\"\" class=\"wp-image-616\" style=\"width:450px\" srcset=\"https:\/\/mrugowski.pl\/wp-content\/uploads\/2026\/03\/Feedback-1.jpg 1180w, https:\/\/mrugowski.pl\/wp-content\/uploads\/2026\/03\/Feedback-1-278x300.jpg 278w, https:\/\/mrugowski.pl\/wp-content\/uploads\/2026\/03\/Feedback-1-950x1024.jpg 950w, https:\/\/mrugowski.pl\/wp-content\/uploads\/2026\/03\/Feedback-1-768x828.jpg 768w\" sizes=\"auto, (max-width: 1180px) 100vw, 1180px\" \/><\/figure>\n\n\n\n<h3 class=\"wp-block-heading has-pale-cyan-blue-color has-primary-background-color has-text-color has-background has-link-color has-normal-font-size wp-elements-9b2e1845407828ae9241dbd5492a228b\">Feedback, kt\u00f3ry buduje zamiast zabija\u0107 (motywacj\u0119).<\/h3>\n\n\n\n<p class=\"has-normal-font-size\">Informacja zwrotna (feedback) towarzyszy nam na ka\u017cdym kroku \u2014 w pracy, w domu, w codziennych rozmowach. Nieustannie oceniamy innych, dzielimy si\u0119 radami i wyra\u017camy swoje pogl\u0105dy. W \u015bwiecie biznesu, feedback to podstawowe narz\u0119dzie mened\u017cer\u00f3w, s\u0142u\u017c\u0105ce do oceny wynik\u00f3w, przydzielania zada\u0144 i motywowania pracownik\u00f3w.<\/p>\n\n\n\n<p class=\"has-normal-font-size\">Jednak feedback, u\u017cyty w niew\u0142a\u015bciwy spos\u00f3b, potrafi wyrz\u0105dzi\u0107 wi\u0119cej szkody ni\u017c przynie\u015b\u0107 korzy\u015bci. Niestety, wci\u0105\u017c pokutuje przekonanie, \u017ce to, &#8222;co nas nie zabije, to nas wzmocni&#8221;.<\/p>\n\n\n\n<p class=\"has-normal-font-size\">Jacek Walkiewicz w jednym ze swoich wyst\u0105pie\u0144 trafnie zauwa\u017cy\u0142, \u017ce bolesne do\u015bwiadczenia nie zawsze wzmacniaj\u0105. Czasami potrafi\u0105 &#8222;sponiewiera\u0107 i zosta\u0107 na reszt\u0119 \u017cycia&#8221;. Czy to oznacza, \u017ce nie powinni\u015bmy czerpa\u0107 z trudnych do\u015bwiadcze\u0144? Nie. Oznacza to, \u017ce prawdziwy rozw\u00f3j nie polega na przyjmowaniu bezrefleksyjnych, bolesnych uwag, ale na budowaniu odporno\u015bci w oparciu o szacunek i \u015bwiadomo\u015b\u0107.<\/p>\n\n\n\n<h3 class=\"wp-block-heading has-light-green-cyan-color has-primary-background-color has-text-color has-background has-link-color has-normal-font-size wp-elements-4a4b886fb71504417d35668b2fbb9375\">Zasady dobrego feedbacku<\/h3>\n\n\n\n<p class=\"has-normal-font-size\">Jak zatem udziela\u0107 feedbacku, aby by\u0142 on narz\u0119dziem do budowania, a nie niszczenia? Oto kluczowe elementy.<\/p>\n\n\n\n<h4 class=\"wp-block-heading has-normal-font-size\">1. Zbuduj relacj\u0119 opart\u0105 na zaufaniu<\/h4>\n\n\n\n<p class=\"has-normal-font-size\">Podstaw\u0105 dobrego feedbacku jest <strong>relacja oparta na wzajemnym zaufaniu i szacunku<\/strong>. To proces, kt\u00f3ry wymaga czasu i otwarto\u015bci. Trudno o to w gabinetach szef\u00f3w, kt\u00f3rzy wzywaj\u0105 na &#8222;rozmow\u0119 motywacyjn\u0105&#8221; raz w roku. Taka formalna konwersacja, pozbawiona codziennego wsparcia, rzadko kiedy przyniesie po\u017c\u0105dane efekty.<\/p>\n\n\n\n<p class=\"has-normal-font-size\">Podobnie jest w \u017cyciu prywatnym. Wzajemne oczekiwania i brak otwartej komunikacji mog\u0105 \u0142atwo doprowadzi\u0107 do nieporozumie\u0144. Bez zaufania nawet szczera informacja zwrotna zostanie odebrana jako atak.<\/p>\n\n\n\n<h4 class=\"wp-block-heading has-normal-font-size\">2. Pozb\u0105d\u017a si\u0119 emocji<\/h4>\n\n\n\n<p class=\"has-normal-font-size\">Emocje s\u0105 najwi\u0119ksz\u0105 przeszkod\u0105 w udzielaniu i przyjmowaniu feedbacku. \u0141atwo o nie, gdy m\u00f3wimy o wynikach. Pozytywne liczby cz\u0119sto wi\u0105\u017c\u0105 si\u0119 z powierzchownymi pochwa\u0142ami, a te negatywne prowadz\u0105 do oskar\u017ce\u0144. Taki feedback jest bezwarto\u015bciowy, poniewa\u017c opiera si\u0119 na chwilowym nastroju, a nie na faktach. <strong>Unikaj oceny i uog\u00f3lnie\u0144.<\/strong> Nic tak nie rani jak etykietowanie: &#8222;Jeste\u015b z\u0142ym ojcem\/pracownikiem\/partnerem&#8221;. Takie sformu\u0142owania jak &#8222;ty zawsze&#8221; lub &#8222;ty nigdy&#8221; zamykaj\u0105 drog\u0119 do konstruktywnej rozmowy.<\/p>\n\n\n\n<h4 class=\"wp-block-heading has-normal-font-size\">3. M\u00f3w o faktach, nie o opiniach<\/h4>\n\n\n\n<p class=\"has-normal-font-size\">Kluczem do dobrego feedbacku jest <strong>odwo\u0142ywanie si\u0119 do konkretnych fakt\u00f3w i zachowa\u0144<\/strong>, a nie do subiektywnych opinii. Zamiast m\u00f3wi\u0107: &#8222;Masz fatalne podej\u015bcie do tego projektu&#8221;, powiedz: &#8222;Zauwa\u017cy\u0142em, \u017ce projekt utkn\u0105\u0142 w miejscu po kilku dniach pracy. Co o tym s\u0105dzisz?&#8221;. Zanim wypowiesz swoje zdanie, daj rozm\u00f3wcy przestrze\u0144 na wypowied\u017a. Zapytaj, jak on postrzega dan\u0105 sytuacj\u0119. S\u0142owo &#8222;zanim&#8221; jest tutaj kluczowe. Prawdziwy feedback to dialog, a nie monolog.<\/p>\n\n\n\n<h4 class=\"wp-block-heading has-normal-font-size\">4. Doceniaj starania<\/h4>\n\n\n\n<p class=\"has-normal-font-size\">Szczere, celne i poparte faktami <strong>pochwa\u0142y<\/strong> dzia\u0142aj\u0105 jak balsam na sko\u0142atane nerwy. Docenienie wysi\u0142ku, nawet je\u015bli cel nie zosta\u0142 w pe\u0142ni osi\u0105gni\u0119ty, buduje motywacj\u0119 i pokazuje, \u017ce cenisz drug\u0105 osob\u0119. Pochwa\u0142a og\u00f3lna, bez konkretnego przyk\u0142adu, mo\u017ce wywo\u0142a\u0107 irytacj\u0119.<\/p>\n\n\n\n<h3 class=\"wp-block-heading has-luminous-vivid-amber-color has-primary-background-color has-text-color has-background has-link-color has-normal-font-size wp-elements-d4345c85ccd087b2cb72b5426ef78db4\">I na koniec&#8230;<\/h3>\n\n\n\n<p class=\"has-normal-font-size\">Prawdziwy feedback nie ma na celu ranienia. Jest on narz\u0119dziem do budowania relacji i wspierania rozwoju. Dobrze udzielona informacja zwrotna nie hartuje sk\u00f3ry, ale uczy. Daje szans\u0119 na to, by by\u0107 lepszym, bez konieczno\u015bci przechodzenia przez bolesne, poni\u017caj\u0105ce do\u015bwiadczenia.<\/p>\n\n\n\n<p class=\"has-ti-bg-color has-pale-cyan-blue-background-color has-text-color has-background has-link-color has-normal-font-size wp-elements-1033823af89c590b2b6166dd1f1c84e1\"><a href=\"https:\/\/www.linkedin.com\/posts\/smrugowski_feedback-czyli-co-mnie-nie-zabije-do-napisania-activity-7092180898057453568-SsdU?utm_source=share&amp;utm_medium=member_desktop&amp;rcm=ACoAABsytdABy2zYDrGUn8OnmKnUi53EhaJelX0\">A co Wy my\u015blicie o feedbacku? Do\u015bwiadczyli\u015bcie takiego, kt\u00f3ry budowa\u0142 i motywowa\u0142?<\/a><\/p>\n","protected":false},"excerpt":{"rendered":"<p>Feedback, kt\u00f3ry buduje zamiast zabija\u0107 (motywacj\u0119). Informacja zwrotna (feedback) towarzyszy nam na ka\u017cdym kroku \u2014 w pracy, w domu, w codziennych rozmowach. Nieustannie oceniamy innych, dzielimy si\u0119 radami i wyra\u017camy swoje pogl\u0105dy. W \u015bwiecie biznesu, feedback to podstawowe narz\u0119dzie mened\u017cer\u00f3w, s\u0142u\u017c\u0105ce do oceny wynik\u00f3w, przydzielania zada\u0144 i motywowania pracownik\u00f3w. Jednak feedback, u\u017cyty w niew\u0142a\u015bciwy spos\u00f3b, [&hellip;]<\/p>\n","protected":false},"author":1,"featured_media":0,"parent":0,"menu_order":0,"comment_status":"closed","ping_status":"closed","template":"","meta":{"footnotes":""},"class_list":["post-188","page","type-page","status-publish","hentry"],"_links":{"self":[{"href":"https:\/\/mrugowski.pl\/index.php?rest_route=\/wp\/v2\/pages\/188","targetHints":{"allow":["GET"]}}],"collection":[{"href":"https:\/\/mrugowski.pl\/index.php?rest_route=\/wp\/v2\/pages"}],"about":[{"href":"https:\/\/mrugowski.pl\/index.php?rest_route=\/wp\/v2\/types\/page"}],"author":[{"embeddable":true,"href":"https:\/\/mrugowski.pl\/index.php?rest_route=\/wp\/v2\/users\/1"}],"replies":[{"embeddable":true,"href":"https:\/\/mrugowski.pl\/index.php?rest_route=%2Fwp%2Fv2%2Fcomments&post=188"}],"version-history":[{"count":5,"href":"https:\/\/mrugowski.pl\/index.php?rest_route=\/wp\/v2\/pages\/188\/revisions"}],"predecessor-version":[{"id":630,"href":"https:\/\/mrugowski.pl\/index.php?rest_route=\/wp\/v2\/pages\/188\/revisions\/630"}],"wp:attachment":[{"href":"https:\/\/mrugowski.pl\/index.php?rest_route=%2Fwp%2Fv2%2Fmedia&parent=188"}],"curies":[{"name":"wp","href":"https:\/\/api.w.org\/{rel}","templated":true}]}}