{"id":761,"date":"2026-03-23T12:10:39","date_gmt":"2026-03-23T11:10:39","guid":{"rendered":"https:\/\/mrugowski.pl\/?page_id=761"},"modified":"2026-03-27T15:56:52","modified_gmt":"2026-03-27T14:56:52","slug":"hr4biznes","status":"publish","type":"page","link":"https:\/\/mrugowski.pl\/?page_id=761","title":{"rendered":"HR&amp;Consierge dla Biznesu"},"content":{"rendered":"\n<div class=\"wp-block-group is-layout-constrained wp-block-group-is-layout-constrained\">\n<div class=\"wp-block-media-text is-stacked-on-mobile\" style=\"grid-template-columns:35% auto\"><figure class=\"wp-block-media-text__media\"><img loading=\"lazy\" decoding=\"async\" width=\"697\" height=\"1024\" src=\"https:\/\/mrugowski.pl\/wp-content\/uploads\/2026\/03\/Ala-1-697x1024.jpg\" alt=\"\" class=\"wp-image-768 size-full\" srcset=\"https:\/\/mrugowski.pl\/wp-content\/uploads\/2026\/03\/Ala-1-697x1024.jpg 697w, https:\/\/mrugowski.pl\/wp-content\/uploads\/2026\/03\/Ala-1-204x300.jpg 204w, https:\/\/mrugowski.pl\/wp-content\/uploads\/2026\/03\/Ala-1-768x1128.jpg 768w, https:\/\/mrugowski.pl\/wp-content\/uploads\/2026\/03\/Ala-1-1046x1536.jpg 1046w, https:\/\/mrugowski.pl\/wp-content\/uploads\/2026\/03\/Ala-1.jpg 1350w\" sizes=\"auto, (max-width: 697px) 100vw, 697px\" \/><\/figure><div class=\"wp-block-media-text__content\">\n<p class=\"has-medium-font-size\"><strong>Witam. Nazywam si\u0119 Alicja Trumi\u0144ska i prowadz\u0119 w ART&amp;LIFE dzia\u0142 zajmuj\u0105cy si\u0119 HR i Consierge.<\/strong><\/p>\n\n\n\n<p>Od ponad 17 lat zajmuje si\u0119 administracj\u0105 personaln\u0105, prowadz\u0105c sprawy kadrowo-p\u0142acowe, sporz\u0105dzam grafiki i nadzoruj\u0119 realizacj\u0119 czasu pracy zgodn\u0105 z przepisami prawa. W zakresie mojej specjalizacji jest rozliczanie um\u00f3w cywilnoprawnych, kierowanie realizacj\u0105 polityki Funduszu Socjalnego. Prowadz\u0119 dokumentacj\u0119 pracownicz\u0105 i procesy HR, w tym rekrutacj\u0119 i nadz\u00f3r nad onboardingiem nowych pracownik\u00f3w, koordynuj\u0119 procesy ocen oraz motywowania z organizacj\u0105 benefit\u00f3w. Nadzoruj\u0119 realizacje kalendarzy i ich synchronizacj\u0119 na poziomie organizacji. Przygotowuj\u0119 i rozliczam zebrania, konferencje, delegacje, wyjazdy, imprezy okoliczno\u015bciowe.<\/p>\n\n\n\n<p class=\"has-medium-font-size\">Wierz\u0119, \u017ce <strong>kapita\u0142 ludzki jest najwa\u017cniejszym czynnikiem dobrego funkcjonowania ka\u017cdego przedsi\u0119biorstwa<\/strong>, decyduj\u0105cym o jego rozwoju i sukcesie na rynku silnej konkurencji, cz\u0119sto r\u00f3wnie\u017c o przetrwaniu w momentach kryzysu. <\/p>\n\n\n\n<p class=\"has-medium-font-size\">Zaanga\u017cowanie pracownik\u00f3w, ich wiedza i relacje z klientami stanowi\u0105 r\u00f3\u017cnic\u0119, dla kt\u00f3rej to nasza firma jest wybierana jako partner biznesowy, sprzedawca towar\u00f3w, lub us\u0142ugodawca. <\/p>\n\n\n\n<p class=\"has-medium-font-size\">Sam Walton, za\u0142o\u017cyciel Walmart o powiedzia\u0142 \u201c<em>Nie boj\u0119 si\u0119 konkurencji, kt\u00f3ra oferuje ni\u017csze ceny, boj\u0119 si\u0119 tej, kt\u00f3ra oferuje lepsz\u0105 obs\u0142ug\u0119\u201d<\/em>.<\/p>\n\n\n\n<p class=\"has-medium-font-size\"><strong>Co jednak stanowi o tym, \u017ce nasi pracownicy s\u0105 si\u0142\u0105 nap\u0119dow\u0105 biznesu?<\/strong><\/p>\n<\/div><\/div>\n<\/div>\n\n\n\n<p class=\"has-medium-font-size\">Praca pracodawc\u00f3w rozpoczyna si\u0119 od dobrego okre\u015blenia potrzeb, <strong>ilo\u015bci personelu<\/strong> w relacji do zada\u0144 i zapewnienia obsady zgodnej z zasadami tworzenia grafik\u00f3w. Pracownik\u00f3w dobieramy wed\u0142ug cech i umiej\u0119tno\u015bci potrzebnych na danym stanowisku, a tak\u017ce oceniaj\u0105c ich potencja\u0142 rozwojowy. <\/p>\n\n\n\n<p class=\"has-medium-font-size\">Adekwatna i rynkowa powinna by\u0107 <strong>propozycja wynagrodzenia<\/strong>, a dobrze przemy\u015blane benefity przyci\u0105gn\u0105 do nas warto\u015bciowych kandydat\u00f3w. Potem pojawia si\u0119 \u201cpapierologia\u201d zwi\u0105zana z umowami oraz szkolenia stanowiskowe i BHP, niezb\u0119dne ju\u017c od pierwszego dnia. <\/p>\n\n\n\n<p class=\"has-medium-font-size\"><strong>Okres&nbsp;<em>onboardingu<\/em><\/strong>&nbsp;jest niezwykle istotn\u0105 cz\u0119\u015bci\u0105 procesu, a okre\u015blenie wymaga\u0144, cel\u00f3w kr\u00f3tko- i daleko-terminowych, premii za wyniki ponadplanowe, ewentualnego udzia\u0142u w zyskach, mo\u017cliwo\u015bci doskonalenia i awansu zwi\u0105\u017ce z nasz\u0105 organizacj\u0105 pracownik\u00f3w stanowi\u0105cych jej najwi\u0119ksza si\u0142\u0119.<\/p>\n\n\n\n<p class=\"has-medium-font-size\">Oczywi\u015bcie zobowi\u0105zani jeste\u015bmy przepisami Prawa Pracy do dbania o podstawowe elementy dobrej organizacji pracy i zapewnienie warunk\u00f3w zgodnych z normami, w tym z zasadami <strong>BHP<\/strong>. Jednak na wsp\u00f3\u0142czesnym rynku pracy to zdecydowanie za ma\u0142o!<\/p>\n\n\n\n<p class=\"has-medium-font-size\">Niebagatelne jest <strong>przekonanie pracownik\u00f3w do misji firmy i wizji jej dzia\u0142ania<\/strong>, a tak\u017ce cel\u00f3w strategicznych. Im bardziej uto\u017csami\u0105 si\u0119 z nimi, tym lepiej b\u0119d\u0105 je realizowali, a ich samopoczucie b\u0119dzie przek\u0142ada\u0142o si\u0119 na zaanga\u017cowanie i wyniki. <\/p>\n\n\n\n<div class=\"wp-block-media-text has-media-on-the-right is-stacked-on-mobile\" style=\"grid-template-columns:auto 35%\"><div class=\"wp-block-media-text__content\">\n<p class=\"has-medium-font-size\">Niezwykle wa\u017cna jest tak\u017ce <strong>kultura organizacyjna<\/strong>, zasady wsp\u00f3\u0142pracy, relacji partnerskich, swoisty&nbsp;<em>savoir vivre<\/em>, a nawet&nbsp;<em>dress code<\/em>&nbsp;w organizacji. Brak tych element\u00f3w budzi niepotrzebne napi\u0119cia, kt\u00f3re utrudniaj\u0105 prac\u0119, a cz\u0119sto s\u0105 one lekcewa\u017cone.<\/p>\n\n\n\n<p class=\"has-medium-font-size\">A potem pojawi si\u0119 milion przeszk\u00f3d, z pozoru drobnych element\u00f3w zak\u0142\u00f3caj\u0105cych dzia\u0142anie, problem\u00f3w ze wsp\u00f3\u0142prac\u0105 w ramach zespo\u0142\u00f3w, albo k\u0142opoty finansowe, kt\u00f3re raz po raz towarzysz\u0105 ka\u017cdemu przedsi\u0119biorstwu, zgodnie z koniunkturami rynkowymi, lub b\u0142\u0119dnymi decyzjami. <\/p>\n\n\n\n<p class=\"has-medium-font-size\">Najwi\u0119kszym jednak <strong>zagro\u017ceniem w polityce HR jest brak systematycznego monitorowania proces\u00f3w<\/strong>, \u017cmudnego, ale koniecznego prowadzenia dokumentacji, rozlicze\u0144, rozm\u00f3w rozwojowych z pracownikami, feedbacku, coachingu, tworzenia kadr i motywowania, motywowania, motywowania.<\/p>\n\n\n\n<p class=\"has-medium-font-size\">Kolejnym elementem sprawnego funkcjonowania firmy jest nadz\u00f3r nad kalendarzami, sprawna organizacja spotka\u0144, zebra\u0144, obieg dokument\u00f3w z tych\u017ce, przygotowanie delegacji i event\u00f3w poza firm\u0105. W codziennym \u017cyciu przedsi\u0119biorstwa s\u0105 to elementy niezauwa\u017cane  &#8211; dop\u00f3ki ich organizacja przebiega perfekcyjnie!  W rozbudowanej strukturze, gdzie wszyscy realizuj\u0105 wiele projekt\u00f3w zaplanowanie i realizacja procesu komunikacji mo\u017ce by\u0107 kluczowa dla Sukcesu. Aby pom\u00f3c Pa\u0144stwu w tym zakresie proponujemy nasze us\u0142ugi <strong>Consierge<\/strong>.<\/p>\n<\/div><figure class=\"wp-block-media-text__media\"><img loading=\"lazy\" decoding=\"async\" width=\"741\" height=\"1024\" src=\"https:\/\/mrugowski.pl\/wp-content\/uploads\/2026\/03\/Ala-2-741x1024.jpg\" alt=\"\" class=\"wp-image-769 size-full\"\/><\/figure><\/div>\n\n\n\n<p><strong>I w tych wszystkich procesach mo\u017cecie Pa\u0144stwo liczy\u0107 na nasz\u0105 pomoc<\/strong>.<\/p>\n\n\n\n<figure class=\"wp-block-image aligncenter size-large\"><a href=\"https:\/\/mrugowski.pl\/?page_id=866\"><img loading=\"lazy\" decoding=\"async\" width=\"1024\" height=\"243\" src=\"https:\/\/mrugowski.pl\/wp-content\/uploads\/2026\/03\/image-8-1024x243.png\" alt=\"\" class=\"wp-image-872\" srcset=\"https:\/\/mrugowski.pl\/wp-content\/uploads\/2026\/03\/image-8-1024x243.png 1024w, https:\/\/mrugowski.pl\/wp-content\/uploads\/2026\/03\/image-8-300x71.png 300w, https:\/\/mrugowski.pl\/wp-content\/uploads\/2026\/03\/image-8-768x182.png 768w, https:\/\/mrugowski.pl\/wp-content\/uploads\/2026\/03\/image-8-1536x364.png 1536w, https:\/\/mrugowski.pl\/wp-content\/uploads\/2026\/03\/image-8-2048x486.png 2048w\" sizes=\"auto, (max-width: 1024px) 100vw, 1024px\" \/><\/a><\/figure>\n\n\n\n<p class=\"has-vivid-cyan-blue-background-color has-background has-normal-font-size\"><strong>Sprawy Kadrowo-P\u0142acowe<\/strong><\/p>\n\n\n\n<ul class=\"wp-block-list\">\n<li class=\"has-medium-font-size\">prowadzenie spraw kadrowo-p\u0142acowych pracownik\u00f3w<\/li>\n\n\n\n<li class=\"has-medium-font-size\">sporz\u0105dzanie i aktualizowanie dokumentacji zwi\u0105zanej z nawi\u0105zaniem, przebiegiem i rozwi\u0105zaniem stosunku pracy;<\/li>\n\n\n\n<li class=\"has-medium-font-size\">wprowadzanie do systemu informatycznego danych zwi\u0105zanych z przebiegiem stosunku pracy;<\/li>\n\n\n\n<li class=\"has-medium-font-size\">prowadzenie akt osobowych;<\/li>\n\n\n\n<li class=\"has-medium-font-size\">kompletowanie dokumentacji p\u0142acowej;<\/li>\n\n\n\n<li class=\"has-medium-font-size\">przygotowanie i rozliczenie listy p\u0142ac;<\/li>\n\n\n\n<li class=\"has-medium-font-size\">organizowanie i nadz\u00f3r nad badaniami medycyny pracy;<\/li>\n\n\n\n<li class=\"has-medium-font-size\">organizowanie i nadz\u00f3r na szkoleniami BHP;<\/li>\n\n\n\n<li class=\"has-medium-font-size\">udzielanie wyja\u015bnie\u0144, sporz\u0105dzanie dokumentacji i raport\u00f3w na potrzeby pracownik\u00f3w, oraz organ\u00f3w kontrolnych;<\/li>\n\n\n\n<li class=\"has-medium-font-size\">lokalna administracja systemu ewidencji i rozliczania czasu pracy;<\/li>\n\n\n\n<li class=\"has-medium-font-size\">udzielanie merytorycznego wsparcia z zakresu rozliczania czasu pracy<\/li>\n<\/ul>\n\n\n\n<h1 class=\"wp-block-heading has-vivid-cyan-blue-background-color has-background has-normal-font-size\">Umowy Cywilnoprawne<\/h1>\n\n\n\n<ul class=\"wp-block-list\">\n<li class=\"has-medium-font-size\">sporz\u0105dzanie i rozliczanie um\u00f3w cywilnoprawnych;<\/li>\n\n\n\n<li class=\"has-medium-font-size\">wprowadzanie danych do systemu informatycznego;<\/li>\n\n\n\n<li class=\"has-medium-font-size\">przygotowanie i rozliczenie listy p\u0142ac<\/li>\n\n\n\n<li class=\"has-medium-font-size\">nadz\u00f3r nad ewidencj\u0105 pracy zleceniobiorc\u00f3w i wsp\u00f3\u0142pracownik\u00f3w w systemie czasu pracy.<\/li>\n\n\n\n<li class=\"has-medium-font-size\">rejestracj\u0119 pracownik\u00f3w czasowych w systemie ewidencji i rozliczania czasu pracy;<\/li>\n\n\n\n<li class=\"has-medium-font-size\">przekazanie informacji o czasie pracy do w\u0142a\u015bciwej agencji pracy tymczasowej.<\/li>\n\n\n\n<li class=\"has-medium-font-size\">przygotowanie danych i analiz dotycz\u0105cych zatrudnienia, rotacji, stabilizacji etc.<\/li>\n<\/ul>\n\n\n\n<h1 class=\"wp-block-heading has-vivid-cyan-blue-background-color has-background has-normal-font-size\">Zak\u0142adowy Fundusz \u015awiadcze\u0144 Socjalnych<\/h1>\n\n\n\n<ul class=\"wp-block-list\">\n<li class=\"has-medium-font-size\">uczestnictwo w posiedzeniach Komisji Zak\u0142adowego Funduszu \u015awiadcze\u0144 Socjalnych:<\/li>\n\n\n\n<li class=\"has-medium-font-size\">ustalanie agendy i protoko\u0142owanie przebiegu posiedze\u0144;<\/li>\n\n\n\n<li class=\"has-medium-font-size\">kompletowanie i weryfikowanie zgodno\u015bci dokumentacji;<\/li>\n\n\n\n<li class=\"has-medium-font-size\">doradztwo w sprawach merytorycznych.<\/li>\n<\/ul>\n\n\n\n<h1 class=\"wp-block-heading has-vivid-cyan-blue-background-color has-background has-normal-font-size\">Sprawy Administracyjne<\/h1>\n\n\n\n<ul class=\"wp-block-list\">\n<li class=\"has-medium-font-size\">obs\u0142uga procesu zam\u00f3wie\u0144 i rejestracji faktur kosztowych;<\/li>\n\n\n\n<li class=\"has-medium-font-size\">organizacja zaopatrzenia w materia\u0142y biurowe oraz artyku\u0142y spo\u017cywcze;<\/li>\n\n\n\n<li class=\"has-medium-font-size\">prowadzenie korespondencji z instytucjami zewn\u0119trznymi;<\/li>\n<\/ul>\n\n\n\n<h1 class=\"wp-block-heading has-vivid-cyan-blue-background-color has-background has-normal-font-size\">Dokumentacja Pracownicza<\/h1>\n\n\n\n<ul class=\"wp-block-list\">\n<li class=\"has-medium-font-size\">segregowanie i archiwizowanie dokumentacji;<\/li>\n\n\n\n<li class=\"has-medium-font-size\">zabezpieczenie dokumentacji przed niepowo\u0142anym dost\u0119pem;<\/li>\n\n\n\n<li class=\"has-medium-font-size\">przygotowywanie dokumentacji dla podmiot\u00f3w kontroluj\u0105cych, dla przekazania do archiwum lub do utylizacji.<\/li>\n<\/ul>\n\n\n\n<h1 class=\"wp-block-heading has-vivid-cyan-blue-background-color has-background has-normal-font-size\">Procesy w Firmach<\/h1>\n\n\n\n<ul class=\"wp-block-list\">\n<li class=\"has-medium-font-size\">wdra\u017canie w sklepie proces\u00f3w og\u00f3lnofirmowych (w tym procesy podwy\u017ckowe, premie, badania, projekty, konkursy, wybory, inne);<\/li>\n\n\n\n<li class=\"has-medium-font-size\">obs\u0142uga benefit\u00f3w dla pracownik\u00f3w (w tym ubezpieczenia, opieka medyczna, inne).<\/li>\n<\/ul>\n\n\n\n<h1 class=\"wp-block-heading has-vivid-cyan-blue-background-color has-background has-normal-font-size\">Consierge dla Biznesu<\/h1>\n\n\n\n<ul class=\"wp-block-list\">\n<li class=\"has-medium-font-size\">organizacja i nadz\u00f3r nad kalendarzami firmowymi<\/li>\n\n\n\n<li class=\"has-medium-font-size\">organizacja zebra\u0144 fizycznych, spotka\u0144 panelowych, konferencji on-line<\/li>\n\n\n\n<li class=\"has-medium-font-size\">organizacja delegacji, wyjazd\u00f3w (np.integracyjnych) wraz z rozliczeniem<\/li>\n\n\n\n<li class=\"has-medium-font-size\">nadz\u00f3r nad obiegiem dokumentacji <\/li>\n\n\n\n<li class=\"has-medium-font-size\">pomoc w przeprowadzaniu ocen okresowych,\u00a0planowaniu i organizacji szkole\u0144<\/li>\n<\/ul>\n\n\n\n<p class=\"has-text-align-center\"><strong><a href=\"https:\/\/mrugowski.pl\/?page_id=866\" data-type=\"page\" data-id=\"866\" target=\"_blank\" rel=\"noreferrer noopener\">Zapraszamy do kontaktu!<\/a><\/strong><\/p>\n\n\n\n<figure class=\"wp-block-image aligncenter size-large\"><a href=\"https:\/\/mrugowski.pl\/?page_id=866\"><img loading=\"lazy\" decoding=\"async\" width=\"1024\" height=\"243\" src=\"https:\/\/mrugowski.pl\/wp-content\/uploads\/2026\/03\/image-9-1024x243.png\" alt=\"\" class=\"wp-image-873\" srcset=\"https:\/\/mrugowski.pl\/wp-content\/uploads\/2026\/03\/image-9-1024x243.png 1024w, https:\/\/mrugowski.pl\/wp-content\/uploads\/2026\/03\/image-9-300x71.png 300w, https:\/\/mrugowski.pl\/wp-content\/uploads\/2026\/03\/image-9-768x182.png 768w, https:\/\/mrugowski.pl\/wp-content\/uploads\/2026\/03\/image-9-1536x364.png 1536w, https:\/\/mrugowski.pl\/wp-content\/uploads\/2026\/03\/image-9-2048x486.png 2048w\" sizes=\"auto, (max-width: 1024px) 100vw, 1024px\" \/><\/a><\/figure>\n\n\n\n<div style=\"height:56px\" aria-hidden=\"true\" class=\"wp-block-spacer\"><\/div>\n","protected":false},"excerpt":{"rendered":"<p>Witam. Nazywam si\u0119 Alicja Trumi\u0144ska i prowadz\u0119 w ART&amp;LIFE dzia\u0142 zajmuj\u0105cy si\u0119 HR i Consierge. Od ponad 17 lat zajmuje si\u0119 administracj\u0105 personaln\u0105, prowadz\u0105c sprawy kadrowo-p\u0142acowe, sporz\u0105dzam grafiki i nadzoruj\u0119 realizacj\u0119 czasu pracy zgodn\u0105 z przepisami prawa. W zakresie mojej specjalizacji jest rozliczanie um\u00f3w cywilnoprawnych, kierowanie realizacj\u0105 polityki Funduszu Socjalnego. Prowadz\u0119 dokumentacj\u0119 pracownicz\u0105 i procesy [&hellip;]<\/p>\n","protected":false},"author":1,"featured_media":0,"parent":0,"menu_order":0,"comment_status":"closed","ping_status":"closed","template":"","meta":{"_themeisle_gutenberg_block_has_review":false,"footnotes":""},"class_list":["post-761","page","type-page","status-publish","hentry"],"_links":{"self":[{"href":"https:\/\/mrugowski.pl\/index.php?rest_route=\/wp\/v2\/pages\/761","targetHints":{"allow":["GET"]}}],"collection":[{"href":"https:\/\/mrugowski.pl\/index.php?rest_route=\/wp\/v2\/pages"}],"about":[{"href":"https:\/\/mrugowski.pl\/index.php?rest_route=\/wp\/v2\/types\/page"}],"author":[{"embeddable":true,"href":"https:\/\/mrugowski.pl\/index.php?rest_route=\/wp\/v2\/users\/1"}],"replies":[{"embeddable":true,"href":"https:\/\/mrugowski.pl\/index.php?rest_route=%2Fwp%2Fv2%2Fcomments&post=761"}],"version-history":[{"count":17,"href":"https:\/\/mrugowski.pl\/index.php?rest_route=\/wp\/v2\/pages\/761\/revisions"}],"predecessor-version":[{"id":883,"href":"https:\/\/mrugowski.pl\/index.php?rest_route=\/wp\/v2\/pages\/761\/revisions\/883"}],"wp:attachment":[{"href":"https:\/\/mrugowski.pl\/index.php?rest_route=%2Fwp%2Fv2%2Fmedia&parent=761"}],"curies":[{"name":"wp","href":"https:\/\/api.w.org\/{rel}","templated":true}]}}