{"id":832,"date":"2026-03-26T18:57:31","date_gmt":"2026-03-26T17:57:31","guid":{"rendered":"https:\/\/mrugowski.pl\/?page_id=832"},"modified":"2026-03-26T19:48:57","modified_gmt":"2026-03-26T18:48:57","slug":"coaching-osobisty-kontakt","status":"publish","type":"page","link":"https:\/\/mrugowski.pl\/?page_id=832","title":{"rendered":"COACHING OSOBISTY &#8211; Um\u00f3w Spotkanie"},"content":{"rendered":"\n<div class=\"wp-block-group is-layout-grid wp-container-core-group-is-layout-1ebaf686 wp-block-group-is-layout-grid\">\n<div class=\"wp-block-cover\"><img loading=\"lazy\" decoding=\"async\" width=\"1024\" height=\"907\" class=\"wp-block-cover__image-background wp-image-519\" alt=\"\" src=\"https:\/\/mrugowski.pl\/wp-content\/uploads\/2026\/03\/Coaching-Biznes-1024x907.jpg\" style=\"object-position:20% 47%\" data-object-fit=\"cover\" data-object-position=\"20% 47%\" srcset=\"https:\/\/mrugowski.pl\/wp-content\/uploads\/2026\/03\/Coaching-Biznes-1024x907.jpg 1024w, https:\/\/mrugowski.pl\/wp-content\/uploads\/2026\/03\/Coaching-Biznes-300x266.jpg 300w, https:\/\/mrugowski.pl\/wp-content\/uploads\/2026\/03\/Coaching-Biznes-768x680.jpg 768w, https:\/\/mrugowski.pl\/wp-content\/uploads\/2026\/03\/Coaching-Biznes-1536x1361.jpg 1536w, https:\/\/mrugowski.pl\/wp-content\/uploads\/2026\/03\/Coaching-Biznes.jpg 1772w\" sizes=\"auto, (max-width: 1024px) 100vw, 1024px\" \/><span aria-hidden=\"true\" class=\"wp-block-cover__background has-background-dim\"><\/span><div class=\"wp-block-cover__inner-container is-layout-flow wp-block-cover-is-layout-flow\">\n<figure class=\"wp-block-image aligncenter size-large\"><img loading=\"lazy\" decoding=\"async\" width=\"1024\" height=\"168\" src=\"https:\/\/mrugowski.pl\/wp-content\/uploads\/2026\/03\/image-2-1024x168.png\" alt=\"\" class=\"wp-image-708\" style=\"aspect-ratio:6.095717884130982\" srcset=\"https:\/\/mrugowski.pl\/wp-content\/uploads\/2026\/03\/image-2-1024x168.png 1024w, https:\/\/mrugowski.pl\/wp-content\/uploads\/2026\/03\/image-2-300x49.png 300w, https:\/\/mrugowski.pl\/wp-content\/uploads\/2026\/03\/image-2-768x126.png 768w, https:\/\/mrugowski.pl\/wp-content\/uploads\/2026\/03\/image-2-1536x252.png 1536w, https:\/\/mrugowski.pl\/wp-content\/uploads\/2026\/03\/image-2.png 1954w\" sizes=\"auto, (max-width: 1024px) 100vw, 1024px\" \/><\/figure>\n\n\n\n<figure class=\"wp-block-image size-large\"><img loading=\"lazy\" decoding=\"async\" width=\"1024\" height=\"243\" src=\"https:\/\/mrugowski.pl\/wp-content\/uploads\/2026\/03\/image-5-1024x243.png\" alt=\"\" class=\"wp-image-728\" srcset=\"https:\/\/mrugowski.pl\/wp-content\/uploads\/2026\/03\/image-5-1024x243.png 1024w, https:\/\/mrugowski.pl\/wp-content\/uploads\/2026\/03\/image-5-300x71.png 300w, https:\/\/mrugowski.pl\/wp-content\/uploads\/2026\/03\/image-5-768x182.png 768w, https:\/\/mrugowski.pl\/wp-content\/uploads\/2026\/03\/image-5-1536x364.png 1536w, https:\/\/mrugowski.pl\/wp-content\/uploads\/2026\/03\/image-5-2048x486.png 2048w\" sizes=\"auto, (max-width: 1024px) 100vw, 1024px\" \/><\/figure>\n<\/div><\/div>\n\n\n\n<form action=\"mailto:kontakt@artandlife.pl\" method=\"post\" enctype=\"text\/plain\"><div>\n<!-- Podstawowe pole tekstowe -->\n<p>Witam Ci\u0119 w formularzu Coaching Osobisty &#8222;Um\u00f3w Spotkanie&#8221;.<\/p>\n<p>Skorzystaj z Promocyjnej Oferty -15% tylko do 30.06.2026!<\/p>\n<input name=\"Imi\u0119\">Podaj swoje imi\u0119<br>\n<input name=\"Nazwisko\">Podaj swoje nazwisko (pole nie jest obowi\u0105zkowe)<br>\n<input name=\"Adres e;mail\">Wpisz sw\u00f3j adres e;mail<br>\n<input name=\"Numer telefonu\">Podaj sw\u00f3j numer telefonu (pole nie jest obowi\u0105zkowe)<br>\n<!-- Pole typu RADIO -->\n<p>Podaj swoj\u0105 p\u0142e\u0107:<\/p>\n<input type=\"radio\" name=\"Nie zaznaczam P\u0142ci\" value=\"Nie zaznaczam P\u0142ci\">Nie zaznaczam P\u0142ci\n<input type=\"radio\" name=\"P\u0142e\u0107\" value=\"Kobieta\">Kobieta\n<input type=\"radio\" name=\"P\u0142e\u0107\" value=\"M\u0119\u017cczyzna\">M\u0119\u017cczyzna\n<input type=\"radio\" name=\"P\u0142e\u0107\" value=\"Inne\">Inne\n<!-- Pole typu RADIO -->\n<p>Ile masz lat?<\/p>\n<input type=\"radio\" name=\"Nie zaznaczam wieku\" value=\"Nie zaznaczam wieku\">Nie zaznaczam wieku<br>\n<input type=\"radio\" name=\"Wiek\" value=\"18-25\">18-25<br>\n<input type=\"radio\" name=\"Wiek\" value=\"26-39\">26-39<br>\n<input type=\"radio\" name=\"Wiek\" value=\"40-60\">40-60<br>\n<input type=\"radio\" name=\"Wiek\" value=\"wi\u0119cej ni\u017c 60\">wi\u0119cej ni\u017c 60 \n<!-- Pole typu CHECKBOX -->\n<p>Jak\u0105 wsp\u00f3\u0142prac\u0105 jeste\u015b zainteresowany\/a (mo\u017cesz zaznaczy\u0107 wi\u0119cej mo\u017cliwo\u015bci)?<\/p>\n<input type=\"checkbox\" name=\"Coaching Osobisty Bezp\u0142atna Sesja\" value=\"Coaching Osobisty Bezp\u0142atna Sesja\">Coaching Osobisty Bezp\u0142atna Sesja<br>\n<input type=\"checkbox\" name=\"Coaching Osobisty 1 Sesja\" value=\"Coaching Osobisty 1 Sesja\">Coaching Osobisty 1 Sesja<br>\n<input type=\"checkbox\" name=\"Coaching Osobisty 3 Sesje\" value=\"Coaching Osobisty 3 Sesje\">Coaching Osobisty 3 Sesje<br>\n<input type=\"checkbox\" name=\"Coaching Osobisty 5 Sesji\" value=\"Coaching Osobisty 5 Sesji\">Coaching Osobisty 5 Sesji<br>\n<input type=\"checkbox\" name=\"Coaching Osobisty 7 Sesji\" value=\"Coaching Osobisty 7 Sesji\">Coaching Osobisty 7 Sesji<br>\n<p>Zapisz proponowan\u0105 dat\u0119 Twojej Bezp\u0142atnej Sesji (dd.mm.rrrr)*<\/p>\n<input name=\"Data\">\n<!-- Lista rozwijalna (typ podstawowy) z zaznaczon\u0105 opcj\u0105 domy\u015bln\u0105 -->\n<p>Zapisz proponowan\u0105 godzin\u0119 Twojej Bezp\u0142atnej Sesji (hh:mm)*<\/p>\n<input name=\"Godzina\">\n<!-- Lista rozwijalna (typ podstawowy) z zaznaczon\u0105 opcj\u0105 domy\u015bln\u0105 -->\n<\/select>\n<!-- Pole komentarza (o powi\u0119kszonych rozmiarach oraz z tekstem domy\u015blnym) -->\n<p>Podaj sw\u00f3j komentarz:<\/p>\n<textarea name=\"Komentarz\" cols=\"50\" rows=\"10\">Prosz\u0119, wpisz tutaj swoje pytania, informacje dodatkowe, jakimi chcesz si\u0119 podzieli\u0107 przed sesj\u0105. Na wszystkie pytania odpowiem do 48h. Pozdrawiam Ci\u0119 i mam nadziej\u0119, \u017ce do zobaczenia!<\/textarea>\n<p>* Termin zostanie potwierdzony w ci\u0105gu 48h<\/p>\n<br><br><br>\n<!-- Przycisk WY\u015aLIJ -->\n<input type=\"submit\" value=\"Wy\u015blij formularz\">\n<!-- Przycisk WYCZY\u015a\u0106 DANE -->\n<input type=\"reset\" value=\"Wyczy\u015b\u0107 dane\">\n<\/div><\/form>\n<\/div>\n","protected":false},"excerpt":{"rendered":"<p>Witam Ci\u0119 w formularzu Coaching Osobisty &#8222;Um\u00f3w Spotkanie&#8221;. Skorzystaj z Promocyjnej Oferty -15% tylko do 30.06.2026! Podaj swoje imi\u0119 Podaj swoje nazwisko (pole nie jest obowi\u0105zkowe) Wpisz sw\u00f3j adres e;mail Podaj sw\u00f3j numer telefonu (pole nie jest obowi\u0105zkowe) Podaj swoj\u0105 p\u0142e\u0107: Nie zaznaczam P\u0142ci Kobieta M\u0119\u017cczyzna Inne Ile masz lat? Nie zaznaczam wieku 18-25 26-39 [&hellip;]<\/p>\n","protected":false},"author":1,"featured_media":0,"parent":0,"menu_order":0,"comment_status":"closed","ping_status":"closed","template":"","meta":{"footnotes":""},"class_list":["post-832","page","type-page","status-publish","hentry"],"_links":{"self":[{"href":"https:\/\/mrugowski.pl\/index.php?rest_route=\/wp\/v2\/pages\/832","targetHints":{"allow":["GET"]}}],"collection":[{"href":"https:\/\/mrugowski.pl\/index.php?rest_route=\/wp\/v2\/pages"}],"about":[{"href":"https:\/\/mrugowski.pl\/index.php?rest_route=\/wp\/v2\/types\/page"}],"author":[{"embeddable":true,"href":"https:\/\/mrugowski.pl\/index.php?rest_route=\/wp\/v2\/users\/1"}],"replies":[{"embeddable":true,"href":"https:\/\/mrugowski.pl\/index.php?rest_route=%2Fwp%2Fv2%2Fcomments&post=832"}],"version-history":[{"count":5,"href":"https:\/\/mrugowski.pl\/index.php?rest_route=\/wp\/v2\/pages\/832\/revisions"}],"predecessor-version":[{"id":850,"href":"https:\/\/mrugowski.pl\/index.php?rest_route=\/wp\/v2\/pages\/832\/revisions\/850"}],"wp:attachment":[{"href":"https:\/\/mrugowski.pl\/index.php?rest_route=%2Fwp%2Fv2%2Fmedia&parent=832"}],"curies":[{"name":"wp","href":"https:\/\/api.w.org\/{rel}","templated":true}]}}