{"id":98,"date":"2025-09-07T22:02:12","date_gmt":"2025-09-07T20:02:12","guid":{"rendered":"https:\/\/mrugowski.pl\/?page_id=98"},"modified":"2026-03-20T20:16:52","modified_gmt":"2026-03-20T19:16:52","slug":"porazka-2","status":"publish","type":"page","link":"https:\/\/mrugowski.pl\/?page_id=98","title":{"rendered":"Pora\u017cka, niechciane dziecko biznesu."},"content":{"rendered":"\n<figure class=\"wp-block-image aligncenter size-full is-resized\"><img loading=\"lazy\" decoding=\"async\" width=\"646\" height=\"754\" src=\"https:\/\/mrugowski.pl\/wp-content\/uploads\/2026\/03\/PORAZKA.jpg\" alt=\"\" class=\"wp-image-669\" style=\"width:450px\" srcset=\"https:\/\/mrugowski.pl\/wp-content\/uploads\/2026\/03\/PORAZKA.jpg 646w, https:\/\/mrugowski.pl\/wp-content\/uploads\/2026\/03\/PORAZKA-257x300.jpg 257w\" sizes=\"auto, (max-width: 646px) 100vw, 646px\" \/><\/figure>\n\n\n\n<p class=\"has-normal-font-size\">Kiedy <strong>sukces<\/strong> wymieniany jest przez wszystkie przypadki przez specjalist\u00f3w od szcz\u0119\u015bcia, ka\u017cda m\u0105dra ksi\u0105\u017cka o biznesie zawiera na niego inny przepis, jakby by\u0142 potraw\u0105, gdzie wystarczy wymiesza\u0107 sk\u0142adniki, <strong>pora\u017cka<\/strong> jest sierot\u0105, wzgardzon\u0105, odsuwan\u0105 ze wstydem i wart\u0105 jedynie zapomnienia. A jednak to ona wyst\u0119puje w \u017cyciu managera wielokrotnie cz\u0119\u015bciej. Droga przedsi\u0119biorcy to wr\u0119cz pod\u0105\u017canie od pora\u017cki do pora\u017cki, cho\u0107 przy tym <strong>bez utraty entuzjazmu<\/strong> &#8211; jak mawia\u0142 Winston Churchill. Ich opis nie znajdzie si\u0119 pewnie w \u017cadnym CV, cho\u0107 moim zdaniem pytanie o pora\u017cki powinno by\u0107 elementem ka\u017cdej rozmowy kwalifikacyjnej. <\/p>\n\n\n\n<p class=\"has-vivid-red-color has-primary-background-color has-text-color has-background has-link-color has-normal-font-size wp-elements-797f52455d111867736f264440ef7f54\">Kto m\u00f3wi, \u017ce nie zaliczy\u0142 \u201ewpadek&#8221; ten k\u0142amie. <\/p>\n\n\n\n<p class=\"has-normal-font-size\">Oczywi\u015bcie najlepiej uczy\u0107 si\u0119 na b\u0142\u0119dach innych, ale rzadko sytuacja jest dwa razy taka sama, zmieniaj\u0105 si\u0119 okoliczno\u015bci, warunki brzegowe, a i cele do osi\u0105gni\u0119cia s\u0105 najcz\u0119\u015bciej odmienne. Pr\u0119dzej, czy p\u00f3\u017aniej pora\u017cka przydarzy si\u0119 i tobie Dzieci\u0119 Sukcesu! Jak wi\u0119c sobie z nimi radzi\u0107? Ksi\u0105\u017cki o taki tytule nie mam w swojej bibliotece i nie znalaz\u0142em na p\u00f3\u0142kach w ksi\u0119garni. Mo\u017ce czas by j\u0105 napisa\u0107? S\u0105, owszem takie kt\u00f3re ucz\u0105, \u017ce nie ma pora\u017cek, a jedynie <strong>informacje zwrotne<\/strong>, lub \u017ce nale\u017cy przeszkody traktowa\u0107 jako <strong>wyzwanie<\/strong> (Brian Tracy), albo o zaklinaniu rzeczywisto\u015bci; \u201eprzyci\u0105gasz to, o czym my\u015blisz&#8221;, lub o pora\u017cce jako o trampolinie do sukcesu (Thomas Ericson) etc. Nie ma nic o pora\u017ckach w moim ulubionym <strong>&#8222;Podr\u0119czniku lidera&#8221; Harvard Business Review<\/strong>, niewiele o niej u <strong>Coveya<\/strong>. <\/p>\n\n\n\n<p class=\"has-normal-font-size\">Wszyscy raczej zach\u0119caj\u0105 nas do ryzyka, odwagi, wychodzenia ze stref komfortu etc. <\/p>\n\n\n\n<p class=\"has-light-green-cyan-color has-primary-background-color has-text-color has-background has-link-color has-normal-font-size wp-elements-df3ad8abcf3b0243d2e20046907d6b52\">Zapyta\u0142em jednak AI. <\/p>\n\n\n\n<p class=\"has-normal-font-size\">\u201eNazwij i zaakceptuj swoje emocje, przeanalizuj sytuacj\u0119 z dystansu, wyci\u0105gnij wnioski, nie uog\u00f3lniaj jej na ca\u0142e \u017cycie, piel\u0119gnuj swoje poczucie warto\u015bci i szukaj wsparcia u bliskich&#8221;. <\/p>\n\n\n\n<p class=\"has-normal-font-size\">M\u0105dre? Wa\u017cne jest przyj\u0119cie, \u017ce pora\u017cka nas nie okre\u015bla. Zdarzy\u0142a si\u0119, zrani\u0142a nasze ego, poszczerbi\u0142a, zako\u0144czy\u0142a strat\u0105 finansow\u0105, albo zwolnieniem. Nawi\u0105zuj\u0105c do wyk\u0142adu mojego guru <strong>Jacka Walkiewicza<\/strong>, gdy dziecko przewraca si\u0119 przy nauce chodzenia nikt nie m\u00f3wi \u201ekoniec, nie wychodzi ci, nie b\u0119dziesz chodzi\u0142, b\u0119dziesz pe\u0142za\u0142&#8221;. <\/p>\n\n\n\n<p class=\"has-normal-font-size\">Naprzeciw wychodzi w tym przypadku psychologia pozytywna. Istotne by\u015bmy nie tracili motywacji, by pr\u00f3bowa\u0107 kolejny raz i kolejny, i kolejny\u2026 &nbsp;<\/p>\n\n\n\n<p class=\"has-pale-cyan-blue-color has-primary-background-color has-text-color has-background has-link-color has-normal-font-size wp-elements-a8d91816cf57ee812739200b497f04bd\">Osobi\u015bcie uwa\u017cam, \u017ce wszystko, co mo\u017cemy to szuka\u0107 mo\u017cliwo\u015bci i wykorzystywa\u0107 dobrze szanse, jakie pojawiaj\u0105 si\u0119 w zwi\u0105zku z nasz\u0105 aktywno\u015bci\u0105, lub s\u0105 nam dane przez nieprzewidywalny los, robi\u0107, co mamy do zrobienia z pe\u0142nym zaanga\u017cowaniem, pasj\u0105 i z wykorzystaniem \u015brodk\u00f3w i ca\u0142ej wiedzy w\u0142asnej lub dost\u0119pnej. <\/p>\n\n\n\n<p class=\"has-normal-font-size\">Nie wierz\u0119 w powiedzenie cz\u0119sto pojawiaj\u0105ce si\u0119 w futbolu <strong>&#8222;niewykorzystane szanse si\u0119 mszcz\u0105&#8221;<\/strong>. W \u017cyciu, gdy nie wykorzystamy jednej szansy, pojawi si\u0119 nast\u0119pna. B\u0105d\u017acie pewni. Zwykle szcz\u0119\u015bciu trzeba pom\u00f3c, wszak szcz\u0119\u015bcie sprzyja odwa\u017cnym i aktywnym, ale gdy ucieka jeden autobus, w rozk\u0142adzie jazdy jest kolejny i pojawi si\u0119, pr\u0119dzej lub p\u00f3\u017aniej, a my zdecydujemy, czy do niego wsi\u0105dziemy.<\/p>\n\n\n\n<p class=\"has-normal-font-size\">Pora\u017ck\u0119 za\u015b nale\u017cy po prostu przyj\u0105\u0107. Nie przek\u0142amywa\u0107, \u017ce jest czym\u015b innym, nie nazywa\u0107 jej eufemistycznie szkoleniem, nauk\u0105, czy informacj\u0105 zwrotn\u0105. Ukrywanie pora\u017cki pod nazw\u0105 \u201elekcji&#8221; czy \u201enauki&#8221; jest moim zdaniem <strong>mechanizmem obronnym<\/strong>, kt\u00f3ry utrudnia pe\u0142ne prze\u017cycie emocji zwi\u0105zanej z niepowodzeniem. <\/p>\n\n\n\n<p class=\"has-normal-font-size\">Oczywi\u015bcie g\u0142upi ten, co nie wyci\u0105gnie wniosk\u00f3w i gdy zaboli go d\u0142o\u0144, kt\u00f3r\u0105 si\u0119gn\u0105\u0142 do wrz\u0105tku, zrobi to kolejny raz. Pora\u017ck\u0119 trzeba jednak przetrawi\u0107, przetrwa\u0107 z ni\u0105 jak z poparzon\u0105 r\u0119k\u0105. <\/p>\n\n\n\n<p class=\"has-vivid-purple-color has-primary-background-color has-text-color has-background has-link-color has-normal-font-size wp-elements-8431b994e212649fe927f4d7d37d5c5f\">W mojej opinii akceptacja pora\u017cki z jej b\u00f3lem i ranami pozwala na g\u0142\u0119bsz\u0105 analiz\u0119 sytuacji i wyci\u0105gni\u0119cie bardziej szczerych wniosk\u00f3w. Mimo, \u017ce boli.&nbsp;<\/p>\n\n\n\n<p class=\"has-normal-font-size\">Czy zastanawiali\u015bcie si\u0119 kiedy\u015b, jakie opowiedziane historie; ksi\u0105\u017cki lub filmy s\u0105 najciekawsze? To zwykle te, gdzie akcja toczy si\u0119 od trudno\u015bci do trudno\u015bci, a bohater stawiany jest przez autora wobec szeregu zagro\u017ce\u0144 i dylemat\u00f3w. <strong>\u201eFilm powinien zaczyna\u0107 si\u0119 od trz\u0119sienia ziemi, potem za\u015b napi\u0119cie ma nieprzerwanie rosn\u0105\u0107\u201d<\/strong> &#8211; powiedzia\u0142 Alfred Hitchcock. <\/p>\n\n\n\n<p class=\"has-normal-font-size\">A jak jest z naszym \u017cyciem? Jest przecie\u017c opowie\u015bci\u0105 o nas samych, histori\u0105 w kt\u00f3rej gramy g\u0142\u00f3wn\u0105 rol\u0119. Mo\u017ce to by\u0107 nudny spektakl, albo porywaj\u0105cy film akcji, dramat, komedia lub romans. Wyb\u00f3r nale\u017cy do nas &#8211; a przynajmniej du\u017ca jego cz\u0119\u015b\u0107. Przyj\u0119cie g\u0142\u00f3wnej roli wi\u0105\u017ce si\u0119 z tym, \u017ce prze\u017cyjemy ka\u017cde z uczu\u0107; eufori\u0119 sukcesu, gorycz upadku, ci\u0119\u017car pora\u017cki, uniesienie mi\u0142o\u015bci, krzywd\u0119 zdrady&#8230; <\/p>\n\n\n\n<p class=\"has-normal-font-size\">To w\u0142a\u015bnie tworzy z nas ludzi, wyj\u0105tkowe istoty, bo \u017cadna inna na tej planecie, a mo\u017ce nawet we wszech\u015bwiecie nie ma tak skomplikowanych emocji. <\/p>\n\n\n\n<p class=\"has-normal-font-size\">Pocieszaj\u0105ce s\u0105 &#8211; w pewnym sensie &#8211; inne s\u0142owa mistrza Hitchcocka; \u201eOczekiwanie na niebezpiecze\u0144stwo jest gorsze ni\u017c moment, gdy ono na cz\u0142owieka spada\u201d. Innymi s\u0142owy &#8222;nie taki diabe\u0142 straszny&#8230;&#8221;. Niezliczone biliony w przesz\u0142o\u015bci funkcjonowa\u0142y z powodzeniem w niepor\u00f3wnywalnie trudniejszej sytuacji, a dla kolejnych pokole\u0144 nasze zgryzoty nie b\u0119d\u0105 istotne. Miliardy ludzi na ziemi daj\u0105 sobie rad\u0119 z wi\u0119kszymi trudno\u015bciami &#8211; warto sobie to u\u015bwiadomi\u0107, jakkolwiek nasze problemy s\u0105 najwa\u017cniejsze cho\u0107by przez to \u017ce s\u0105 NASZE.<\/p>\n\n\n\n<p class=\"has-normal-font-size\">Czy jednak b\u0119d\u0105 wci\u0105\u017c istotne dla nas samych, za kilka dni, miesi\u0119cy, czy lat?<\/p>\n\n\n\n<p class=\"has-ti-bg-color has-pale-cyan-blue-background-color has-text-color has-background has-link-color has-normal-font-size wp-elements-6435637b978cff5f8b2251bfc6e913cb\"><a href=\"https:\/\/www.linkedin.com\/feed\/update\/urn:li:activity:7368721076643696641\/\">A jak Wy my\u015blicie?<\/a><\/p>\n","protected":false},"excerpt":{"rendered":"<p>Kiedy sukces wymieniany jest przez wszystkie przypadki przez specjalist\u00f3w od szcz\u0119\u015bcia, ka\u017cda m\u0105dra ksi\u0105\u017cka o biznesie zawiera na niego inny przepis, jakby by\u0142 potraw\u0105, gdzie wystarczy wymiesza\u0107 sk\u0142adniki, pora\u017cka jest sierot\u0105, wzgardzon\u0105, odsuwan\u0105 ze wstydem i wart\u0105 jedynie zapomnienia. A jednak to ona wyst\u0119puje w \u017cyciu managera wielokrotnie cz\u0119\u015bciej. Droga przedsi\u0119biorcy to wr\u0119cz pod\u0105\u017canie od [&hellip;]<\/p>\n","protected":false},"author":1,"featured_media":0,"parent":0,"menu_order":0,"comment_status":"closed","ping_status":"closed","template":"","meta":{"footnotes":""},"class_list":["post-98","page","type-page","status-publish","hentry"],"_links":{"self":[{"href":"https:\/\/mrugowski.pl\/index.php?rest_route=\/wp\/v2\/pages\/98","targetHints":{"allow":["GET"]}}],"collection":[{"href":"https:\/\/mrugowski.pl\/index.php?rest_route=\/wp\/v2\/pages"}],"about":[{"href":"https:\/\/mrugowski.pl\/index.php?rest_route=\/wp\/v2\/types\/page"}],"author":[{"embeddable":true,"href":"https:\/\/mrugowski.pl\/index.php?rest_route=\/wp\/v2\/users\/1"}],"replies":[{"embeddable":true,"href":"https:\/\/mrugowski.pl\/index.php?rest_route=%2Fwp%2Fv2%2Fcomments&post=98"}],"version-history":[{"count":9,"href":"https:\/\/mrugowski.pl\/index.php?rest_route=\/wp\/v2\/pages\/98\/revisions"}],"predecessor-version":[{"id":670,"href":"https:\/\/mrugowski.pl\/index.php?rest_route=\/wp\/v2\/pages\/98\/revisions\/670"}],"wp:attachment":[{"href":"https:\/\/mrugowski.pl\/index.php?rest_route=%2Fwp%2Fv2%2Fmedia&parent=98"}],"curies":[{"name":"wp","href":"https:\/\/api.w.org\/{rel}","templated":true}]}}